{"id":3252,"date":"2016-05-29T19:53:37","date_gmt":"2016-05-29T17:53:37","guid":{"rendered":"http:\/\/www.iberradio.es\/?page_id=3252"},"modified":"2016-05-29T19:54:01","modified_gmt":"2016-05-29T17:54:01","slug":"donde-alojarse-y-comer-2015","status":"publish","type":"page","link":"https:\/\/www.iberradio.es\/en\/donde-alojarse-y-comer-2015\/","title":{"rendered":"Donde alojarse y comer &#8211; IberRadio 2015"},"content":{"rendered":"<p><center><br \/>\n<iframe loading=\"lazy\" src=\"http:\/\/www.iberradio.es\/images\/mapa.php\" width=\"890\" height=\"500\" frameborder=\"0\" marginwidth=\"0\" marginheight=\"0\" scrolling=\"no\"><\/iframe><\/center><\/p>\n<h1><strong>DONDE ALOJARSE<\/strong><\/h1>\n<hr \/>\n<h6 align=\"justify\">Desde la organizaci\u00f3n de feria y con la inestimable colaboraci\u00f3n de la Uni\u00f3n de Radioaficionados de Parla, hemos llegado a acuerdos con las siguientes instalaciones hoteleras:<\/h6>\n<table border=\"0\" width=\"100%\" cellspacing=\"0\" cellpadding=\"0\">\n<tbody>\n<tr>\n<td align=\"center\" valign=\"top\" width=\"25%\"><a href=\"http:\/\/www.iberradio.es\/images\/nh-parla.jpg\" rel=\"prettyPhoto[rt_theme_blog]\" data-gal=\"prettyPhoto[rt_theme_blog]\"><img decoding=\"async\" class=\"frame\" src=\"http:\/\/www.iberradio.es\/images\/nh-parla_p.jpg\" \/><\/a><\/td>\n<td align=\"left\" valign=\"top\" width=\"37%\">\n<h4><b>HOTEL NH PARLA<\/b><\/h4>\n<p><b>Avda. Leguario,2<\/b><br \/>\nParla, Madrid<br \/>\nTel: 916 64 41 60<br \/>\nFax:<br \/>\n<strong><a href=\"mailto:i.cordoba@nh-hotels.com\">Email<\/a> &#8211; <a href=\"http:\/\/www.nh-hoteles.es\/hotel\/nh-parla?nhagentid=10165&amp;nhsubagentid=101650000000&amp;oodc=26_99956&amp;source=adwords&amp;gclid=Cj0KEQjwhPaqBRDG2uiHzpKLi6ABEiQAk_XXiagaXAdRkLcdKN4qJxhUWndZlrYAQ6N8IwrT3Lbh4AAaAvLC8P8HAQ&amp;dclid=CNKA14y50sUCFRBjwgodCjsABg\" target=\"_blank\">Web<\/a><\/strong><\/td>\n<td style=\"text-align: justify;\" align=\"left\" valign=\"top\" width=\"37%\">10 % de descuento sobre la mejor tarifa disponible en cada momento. Incluido desayuno. Enviar email indicando que la reserva es para la feria de IberRadio. Preguntar por Isaac C\u00f3rdoba.<\/td>\n<\/tr>\n<tr>\n<td align=\"center\" width=\"25%\"><a href=\"http:\/\/www.iberradio.es\/images\/ciudad-parla.jpg\" rel=\"prettyPhoto[rt_theme_blog]\" data-gal=\"prettyPhoto[rt_theme_blog]\"><img decoding=\"async\" class=\"frame\" src=\"http:\/\/www.iberradio.es\/images\/ciudad-parla_p.jpg\" \/><\/a><\/td>\n<td align=\"left\" valign=\"top\" width=\"37%\">\n<h4><b>HOTEL CIUDAD DE PARLA<\/b><\/h4>\n<p><b>Circunvalaci\u00f3n Parla-Pinto, km. 0,15<\/b><br \/>\nParla, Madrid<br \/>\nTel: 916 05 15 97<br \/>\nFax: 916 98 33 78<br \/>\n<strong><a href=\"mailto:reservas@hotelciudaddeparla.com\">Email<\/a> &#8211; <a href=\"http:\/\/www.hotelciudaddeparla.com\/\" target=\"_blank\">Web<\/a><\/strong><\/td>\n<td align=\"left\" valign=\"top\" width=\"37%\">Habitaci\u00f3n individual: <strong>50,00 \u20ac<\/strong> (Desayuno incluido)<\/p>\n<p>Habitaci\u00f3n doble: <strong>50,00 \u20ac<\/strong> (Desayuno incluido)<\/td>\n<\/tr>\n<tr>\n<td align=\"center\" valign=\"top\" width=\"25%\"><a href=\"http:\/\/www.iberradio.es\/images\/apartahotel-parla.jpg\" rel=\"prettyPhoto[rt_theme_blog]\" data-gal=\"prettyPhoto[rt_theme_blog]\"><img decoding=\"async\" class=\"frame\" src=\"http:\/\/www.iberradio.es\/images\/apartahotel-parla_p.jpg\" \/><\/a><\/td>\n<td align=\"left\" valign=\"top\" width=\"37%\">\n<h4><b>APARTAHOTEL VILLA DE PARLA<\/b><\/h4>\n<p><b>Calle de Rigoberta Mench\u00fa, 1<\/b><br \/>\nParla, Madrid<br \/>\nTel: 916 98 91 00<br \/>\nFax: 910 70 62 37<br \/>\n<strong><a href=\"mailto:informaci\u00f3n@apartahotelvilladeparla.com\">Email<\/a> &#8211; <a href=\"http:\/\/www.apartahotelvilladeparla.com\" target=\"_blank\">Web<\/a><\/strong><\/td>\n<td align=\"left\" valign=\"top\" width=\"37%\">Habitaci\u00f3n 2 personas: <strong>47,00 \u20ac<\/strong><\/p>\n<p>Apartamento 2 personas: <strong>55,00 \u20ac<\/strong><\/p>\n<p>Apartamento 3 personas: <strong>75,00 \u20ac<\/strong><\/p>\n<p>Apartamento 4 personas: <strong>95,00 \u20ac<\/strong><\/td>\n<\/tr>\n<\/tbody>\n<\/table>\n<h6 align=\"justify\"><b>Para realizar la reserva en alguno de estos hoteles y beneficiarse de los precios de la feria deb\u00e9is indicar en recepci\u00f3n que sois asistentes a la feria de IBERRADIO.<\/b><\/h6>\n<p>&nbsp;<\/p>\n<hr \/>\n<p>&nbsp;<\/p>\n<p>&nbsp;<\/p>\n<h6><b>Ya hace unas semanas mes que se agoto el alojamiento en Parla para la feria. Prueba estos otros alojamientos, ordenados por cercan\u00eda:<\/b><\/h6>\n<p>&nbsp;<\/p>\n<h6><strong>Hotel Ibis Fuenlabrada<\/strong>, a unos 3 Km de la Feria 916856480<\/p>\n<p><strong>Hotel H2 Fuenlabrada<\/strong>, al lado del Ibis, 3 KM de Parla 916008061<\/p>\n<p><strong>Hotel Ciudad de Fuenlabrada<\/strong>, muy cerca de los anteriores, a unos 3,3 Km de la Feria 916421700<\/p>\n<p><strong>Hotel Ibis Budget Madrid Getafe<\/strong>, (econ\u00f3mico) a unos 7 km muy bien comunicado con Parla (Autov\u00eda) 916213850<\/p>\n<p><strong>Hotel Ibis Madrid Getafe<\/strong>, algo m\u00e1s alejado, unos 10 km en la Carretera de Toledo (A-42) 916652760<\/p>\n<p><strong>Hotel H2 Getafe<\/strong>, al lado del hotel anterior 916011780<\/p>\n<p><strong>Apartotel Princesa de \u00c9boli<\/strong> en Pinto, 10 Km de la Feria 912636400<\/p>\n<p><strong>Hostal Toledano Victoria<\/strong> en Pinto, 10 Km de la Feria 916927170<\/p>\n<p><strong>Hotel Plaza de Santiago<\/strong>, Pinto Centro ciudad 10 Km de la feria 916928390<\/p>\n<p><strong>Hotel Indiana<\/strong>, Pinto, centro ciudad a 10 Km de la feria 916926253<\/h6>\n<p>&nbsp;<\/p>\n<h1><strong>CAMPING CERCANO A IberRadio<\/strong><\/h1>\n<hr \/>\n<table border=\"0\" width=\"100%\" cellspacing=\"0\" cellpadding=\"0\">\n<tbody>\n<tr>\n<td align=\"center\" valign=\"top\" width=\"25%\"><a href=\"http:\/\/www.iberradio.es\/images\/camping_alpha_001.jpg\" rel=\"prettyPhoto[rt_theme_blog]\" data-gal=\"prettyPhoto[rt_theme_blog]\"><img decoding=\"async\" class=\"frame\" src=\"http:\/\/www.iberradio.es\/images\/camping_alpha_001p.jpg\" \/><\/a><\/td>\n<td align=\"center\" valign=\"top\" width=\"25%\"><a href=\"http:\/\/www.iberradio.es\/images\/camping_alpha_002.jpg\" rel=\"prettyPhoto[rt_theme_blog]\" data-gal=\"prettyPhoto[rt_theme_blog]\"><img decoding=\"async\" class=\"frame\" src=\"http:\/\/www.iberradio.es\/images\/camping_alpha_002p.jpg\" \/><\/a><\/td>\n<td align=\"center\" valign=\"top\" width=\"25%\"><a href=\"http:\/\/www.iberradio.es\/images\/camping_alpha_003.jpg\" rel=\"prettyPhoto[rt_theme_blog]\" data-gal=\"prettyPhoto[rt_theme_blog]\"><img decoding=\"async\" class=\"frame\" src=\"http:\/\/www.iberradio.es\/images\/camping_alpha_003p.jpg\" \/><\/a><\/td>\n<td align=\"center\" valign=\"top\" width=\"25%\"><a href=\"http:\/\/www.iberradio.es\/images\/camping_alpha_004.jpg\" rel=\"prettyPhoto[rt_theme_blog]\" data-gal=\"prettyPhoto[rt_theme_blog]\"><img decoding=\"async\" class=\"frame\" src=\"http:\/\/www.iberradio.es\/images\/camping_alpha_004p.jpg\" \/><\/a><\/td>\n<\/tr>\n<\/tbody>\n<\/table>\n<table border=\"0\" width=\"100%\" cellspacing=\"0\" cellpadding=\"0\">\n<tbody>\n<tr>\n<td align=\"left\" valign=\"top\" width=\"50%\">\n<h4><b>CAMPING ALFA<\/b><\/h4>\n<p><b>Calle De la Calidad &#8211; Entrada por la Ctra. A4 Km 14,400<\/b><br \/>\nTel\u00e9fono: 916 95 80 69<br \/>\nFax: 916 83 16 59<br \/>\n<strong><a href=\"mailto:info@campingalpha.com\">Email<\/a> &#8211; <a href=\"http:\/\/www.campingalpha.com\/\" target=\"_blank\">Web<\/a><\/strong><\/td>\n<td align=\"justify\" valign=\"top\" width=\"50%\">Bungalows Camping Alpha est\u00e1 situado a tan solo 15 minutos de IberRadio. Gracias a nuestra ubicaci\u00f3n, \u00fanica en su g\u00e9nero podr\u00e1 emprender recorridos tur\u00edstico a Toledo, el Escorial, Aranjuez, Segovia, \u00c1vila, etc. sin la necesidad de entrar a Madrid, adem\u00e1s entender\u00e1 las razones que convierten este bungalow camping en un establecimiento puntero de nuestra capital.<\/td>\n<\/tr>\n<tr>\n<td colspan=\"2\" align=\"left\" valign=\"top\" width=\"99%\"><b>Autobuses:<\/b> 447 PLAZA DE LEGAZPI -GETAFE a 200 metros del camping &#8211; parada del camping: pol\u00edgono Ind. &#8221; Los Olivos &#8221; y Pi1 GETAFE CENTRAL a 50 metros. del camping.<\/p>\n<p><b>Coche:<\/b> Crtra. A-4 km. 12,400 direcci\u00f3n Madrid. Acceso entrada Pol. Ind. Los Olivos &#8211; calle Calidad, n \u00ba 1<\/p>\n<p><b>Coordenadas GPS:<\/b> <b><a href=\"https:\/\/www.google.com\/maps\/dir\/Casa+Juventud,+Parla,+Espa%C3%B1a\/40.3171499,-3.6889172\/@40.2715389,-3.7583733,13z\/data=!3m1!4b1!4m9!4m8!1m5!1m1!1s0xd41f53fd7953361:0x8940e6e9354bc6b6!2m2!1d-3.7544526!2d40.2265584!1m0!3e0?hl=es\" target=\"_blank\">+40\u00b0 19&#8242; 1.74&#8243;, -3\u00b0 41&#8242; 20.10&#8243;<\/a><\/b><\/td>\n<\/tr>\n<\/tbody>\n<\/table>\n<h1><strong>DONDE COMER<\/strong><\/h1>\n<hr \/>\n<table border=\"0\" width=\"100%\" cellspacing=\"0\" cellpadding=\"0\">\n<tbody>\n<tr>\n<td align=\"center\" valign=\"top\" width=\"25%\"><a href=\"http:\/\/www.iberradio.es\/images\/alcarrenos.jpg\" rel=\"prettyPhoto[rt_theme_blog]\" data-gal=\"prettyPhoto[rt_theme_blog]\"><img decoding=\"async\" class=\"frame\" src=\"http:\/\/www.iberradio.es\/images\/alcarrenos_p.jpg\" \/><\/a><\/td>\n<td align=\"left\" valign=\"top\" width=\"37%\">\n<h4><b>RESTAURANTE LOS ALCARRE\u00d1OS<\/b><\/h4>\n<p><b>Calle Par\u00eds, 1<\/b><br \/>\nParla, Madrid<br \/>\nTel\u00e9fono: 916 05 52 86<\/td>\n<td align=\"justify\" valign=\"top\" width=\"37%\">Especialidad en asados y carnes rojas.<\/td>\n<\/tr>\n<tr>\n<td align=\"center\" valign=\"top\" width=\"25%\"><a href=\"http:\/\/www.iberradio.es\/images\/ruta54.jpg\" rel=\"prettyPhoto[rt_theme_blog]\" data-gal=\"prettyPhoto[rt_theme_blog]\"><img decoding=\"async\" class=\"frame\" src=\"http:\/\/www.iberradio.es\/images\/ruta54_p.jpg\" \/><\/a><\/td>\n<td align=\"left\" valign=\"top\" width=\"37%\">\n<h4><b>RESTAURANTE RUTA 54<\/b><\/h4>\n<p><b>Calle Londr\u00e9s, 54<\/b><br \/>\nParla, Madrid<br \/>\nTel\u00e9fono: 910 069 807<br \/>\nM\u00f3vil: 680 196 130<\/td>\n<td align=\"justify\" valign=\"top\" width=\"37%\">Motos terraza y buena gente, especialidad en cochinillo, cordero y paellas de encargo. Menu diario 7,50\u20ac menu fin de semana especial 10,50\u20ac<\/td>\n<\/tr>\n<tr>\n<td align=\"center\" valign=\"top\" width=\"25%\"><a href=\"http:\/\/www.iberradio.es\/images\/fogones.jpg\" rel=\"prettyPhoto[rt_theme_blog]\" data-gal=\"prettyPhoto[rt_theme_blog]\"><img decoding=\"async\" class=\"frame\" src=\"http:\/\/www.iberradio.es\/images\/fogones_p.jpg\" \/><\/a><\/td>\n<td align=\"left\" valign=\"top\" width=\"37%\">\n<h4><b>RESTAURANTE LOS FOGONES DE PARLA<\/b><\/h4>\n<p><b>Avenida Cerro del Rubal, 55<\/b><br \/>\nParla, Madrid<br \/>\nTel\u00e9fono: 916 053 206<\/td>\n<td align=\"justify\" valign=\"top\" width=\"37%\">Contamos con diversos men\u00fas entre los que elegir el m\u00e1s adecuado, aunque tambi\u00e9n podemos elaborar men\u00fas personalizados para cada ocasi\u00f3n.<\/td>\n<\/tr>\n<\/tbody>\n<\/table>\n","protected":false},"excerpt":{"rendered":"<p>DONDE ALOJARSE Desde la organizaci\u00f3n de feria y con la inestimable colaboraci\u00f3n de la Uni\u00f3n de Radioaficionados de Parla, hemos llegado a acuerdos con las siguientes instalaciones hoteleras: HOTEL NH PARLA Avda. Leguario,2 Parla, Madrid Tel: 916 64 41 60 Fax: Email &#8211; Web 10 % de descuento sobre la mejor tarifa disponible en cada [&hellip;]<\/p>\n","protected":false},"author":1,"featured_media":0,"parent":0,"menu_order":0,"comment_status":"closed","ping_status":"closed","template":"","meta":{"footnotes":""},"class_list":["post-3252","page","type-page","status-publish","hentry"],"_links":{"self":[{"href":"https:\/\/www.iberradio.es\/en\/wp-json\/wp\/v2\/pages\/3252","targetHints":{"allow":["GET"]}}],"collection":[{"href":"https:\/\/www.iberradio.es\/en\/wp-json\/wp\/v2\/pages"}],"about":[{"href":"https:\/\/www.iberradio.es\/en\/wp-json\/wp\/v2\/types\/page"}],"author":[{"embeddable":true,"href":"https:\/\/www.iberradio.es\/en\/wp-json\/wp\/v2\/users\/1"}],"replies":[{"embeddable":true,"href":"https:\/\/www.iberradio.es\/en\/wp-json\/wp\/v2\/comments?post=3252"}],"version-history":[{"count":3,"href":"https:\/\/www.iberradio.es\/en\/wp-json\/wp\/v2\/pages\/3252\/revisions"}],"predecessor-version":[{"id":3255,"href":"https:\/\/www.iberradio.es\/en\/wp-json\/wp\/v2\/pages\/3252\/revisions\/3255"}],"wp:attachment":[{"href":"https:\/\/www.iberradio.es\/en\/wp-json\/wp\/v2\/media?parent=3252"}],"curies":[{"name":"wp","href":"https:\/\/api.w.org\/{rel}","templated":true}]}}