{"id":3821,"date":"2016-07-29T19:14:17","date_gmt":"2016-07-29T17:14:17","guid":{"rendered":"http:\/\/www.iberradio.es\/?page_id=3821"},"modified":"2019-05-21T09:48:04","modified_gmt":"2019-05-21T07:48:04","slug":"que-hacer-en-avila","status":"publish","type":"page","link":"https:\/\/www.iberradio.es\/en\/que-hacer-en-avila\/","title":{"rendered":"What to do while in Avila"},"content":{"rendered":"<p><\/p>\n<h1>What to do while in Avila<\/h1>\n<hr \/>\n<p><!-- \n\n<h1>Vive la magia de \u00c1vila - \u00c1vila M\u00e1gica<\/h1>\n\n\n\n<hr \/>\n\n\n\n<h5>\u00a0<\/h5>\n\n\n\n<h5 style=\"text-align: justify;\"><img decoding=\"async\" class=\"aligncenter\" style=\"font-size: 16px;\" src=\"http:\/\/www.iberradio.es\/wp-content\/uploads\/2016\/09\/magica-1.jpg\" width=\"600\" \/><\/h5>\n\n\n\n<h4 style=\"text-align: justify;\">El mismo fin de semana\u00a0de IberRadio se celebra \u201c\u00c1vila M\u00e1gica\u201d. \u00c1vila M\u00e1gica es una experiencia que nos invita a disfrutar por la noche del centro hist\u00f3rico de la ciudad de \u00c1vila.<\/h4>\n\n\n\n<h4 style=\"text-align: justify;\">Espect\u00e1culos de magia, monumentos abiertos, visitas guiadas y el transporte tur\u00edstico se unen a los productos de la tierra, gastronom\u00eda y el comercio en un mismo evento.<\/h4>\n\n\n\n<hr \/>\n\n --><\/p>\n<div id=\"que-hacer\">\u00a0<\/div>\n<p><center><img decoding=\"async\" src=\"http:\/\/www.iberradio.es\/wp-content\/uploads\/2016\/07\/avila-visitas.jpg\" alt=\"avila-visitas\" width=\"600\" \/><\/center><\/p>\n<h1>Visitas guiadas<\/h1>\n<hr \/>\n<h4 style=\"text-align: justify;\">El Ayuntamiento de \u00c1vila a trav\u00e9s de la Concejal\u00eda de Turismo realiza diferentes visitas guiadas el s\u00e1bado d\u00eda 14 de septiembre y el domingo 15 de septiembre.<\/h4>\n<div align=\"center\">\n<table class=\"normal\" style=\"width: 464px;\" border=\"0\" width=\"400\" cellspacing=\"0\" cellpadding=\"0\">\n<tbody>\n<tr>\n<td style=\"width: 120px;\" align=\"center\" width=\"30%\"><a href=\"http:\/\/www.avilaturismo.com\/images\/Visitas_guiadas201803.pdf\" target=\"_blank\" rel=\"noopener noreferrer\"><img decoding=\"async\" src=\"http:\/\/www.iberradio.es\/downloads\/guiadas201702-1.jpg\" alt=\"\" width=\"150\" \/><\/a><\/td>\n<td style=\"width: 344px;\" align=\"left\" width=\"70%\">\n<h5><img decoding=\"async\" src=\"http:\/\/concursos.ure.es\/images\/nar.png\" alt=\"\" \/> <a href=\"http:\/\/www.avilaturismo.com\/images\/Visitas_guiadas201803.pdf\" target=\"_blank\" rel=\"noopener noreferrer\">Descargar PDF Visitas guiadas \u00c1vila<\/a><\/h5>\n<\/td>\n<\/tr>\n<\/tbody>\n<\/table>\n<\/div>\n<p>&nbsp;<\/p>\n<h4 style=\"text-align: justify; text-decoration: underline;\">Com\u00fan a todas las visitas<\/h4>\n<h4 style=\"text-align: justify;\">Aforo: M\u00e1ximo de 55 personas. Salidas: Centro de Recepci\u00f3n de Visitantes. Venta: Centro de Recepci\u00f3n de Visitantes y Casa de las Carnicer\u00edas. Informaci\u00f3n: 920 354 045 \u2013 <strong><a href=\"http:\/\/www.avilaturismo.com\" target=\"_blank\" rel=\"noopener noreferrer\">www.avilaturismo.com<\/a><\/strong> Tarifa General: Mayores de 18 a\u00f1os Tarifa Reducida: J\u00f3venes de 12 a 18 a\u00f1os, jubilados, estudiantes hasta 25 a\u00f1os y portadores del Carnet Joven de la Junta de Castilla y Le\u00f3n. Tarifa Gratuita: Ni\u00f1os de 0 a 12 a\u00f1os.<\/h4>\n<h2>Joyas Abulenses<\/h2>\n<hr \/>\n<h4 style=\"text-align: justify;\">Fecha: S\u00e1bado 14 de septiembre Horario: 11:00 horas (duraci\u00f3n aproximada de 3 horas) Tarifa: General de 8,00 \u20ac Recorrido: CRV, Bas\u00edlica de San Vicente, Catedral y Muralla de \u00c1vila.\u00a0Venta de entradas:\u00a0Centro de Recepci\u00f3n de Visitantes, Casa Carnicer\u00edas y\u00a0<a href=\"http:\/\/www.avilaturismo.com\/\" target=\"_blank\" rel=\"noopener noreferrer\">www.avilaturismo.com<\/a><\/h4>\n<h2>\u00c1vila de Leyenda<\/h2>\n<hr \/>\n<h4 style=\"text-align: justify;\">Fecha: S\u00e1bado 14 de septiembre Horario: 19:00 horas (duraci\u00f3n aproximada de 2 horas) Tarifa: General de 6,00 \u20ac \/Reducida de 4,00 \u20ac Recorrido: CRV, San Vicente, Casa Carnicer\u00edas, Plaza Mercado Grande, Calle de la Muerte y de la Vida, Plaza de la Catedral, Plaza del Mercado Chico, Paseo del Rastro, Plaza de la Diputaci\u00f3n y Plaza de la Santa.\u00a0Venta de entradas:\u00a0Centro de Recepci\u00f3n de Visitantes, Casa Carnicer\u00edas y\u00a0<a href=\"http:\/\/www.avilaturismo.com\/\" target=\"_blank\" rel=\"noopener noreferrer\">www.avilaturismo.com<\/a><\/h4>\n<h2>Huellas de Teresa en \u00c1vila<\/h2>\n<hr \/>\n<h4 style=\"text-align: justify;\">Fecha: Domingo 15 de septiembre Horario: 11:00 horas (duraci\u00f3n aproximada de 3 horas) Tarifa: General de 5,00 \u20ac \/ Reducida de 3,00 \u20ac Recorrido: CRV, Monasterio de la Encarnaci\u00f3n, Convento de San Jos\u00e9, Convento de La Santa y Museo de La Santa.\u00a0Venta de entradas:\u00a0Centro de Recepci\u00f3n de Visitantes, Casa Carnicer\u00edas y\u00a0<a href=\"http:\/\/www.avilaturismo.com\/\" target=\"_blank\" rel=\"noopener noreferrer\">www.avilaturismo.com<\/a><\/h4>\n<hr \/>\n<p><center><iframe loading=\"lazy\" src=\"https:\/\/player.vimeo.com\/video\/45247141\" width=\"750\" height=\"453\" frameborder=\"0\" allowfullscreen=\"allowfullscreen\"><\/iframe><\/center><\/p>\n<h4 style=\"font-size: 16px; font-weight: bold; color: #888888; font-family: Arial, Helvetica, sans-serif; font-style: normal; font-variant: normal; letter-spacing: normal; line-height: normal; orphans: auto; text-align: start; text-indent: 0px; text-transform: none; white-space: normal; widows: 1; word-spacing: 0px; -webkit-text-stroke-width: 0px; border-top: 2px solid #cfc9c4; border-bottom: 2px solid #cfc9c4; margin: 1em 0px; background: #ffffff; padding: 0.5em 0px 0.5em 10px;\">\u00c1vila &#8211; Enlaces de Inter\u00e9s<\/h4>\n<ul>\n<li>\n<h4><a href=\"http:\/\/www.avila.es\/areas-destacadas\/cultura-y-ocio\" target=\"_blank\" rel=\"noopener noreferrer\">Cultura de \u00c1vila<\/a><\/h4>\n<\/li>\n<li>\n<h4><a href=\"http:\/\/www.avilaturismo.com\/es\/\" target=\"_blank\" rel=\"noopener noreferrer\">Turismo de \u00c1vila<\/a><\/h4>\n<\/li>\n<li>\n<h4><a href=\"http:\/\/muralladeavila.com\/es\/\" target=\"_blank\" rel=\"noopener noreferrer\">Muralla de \u00c1vila<\/a><\/h4>\n<\/li>\n<li>\n<h4><a href=\"http:\/\/www.ciudadespatrimonio.org\/accesibilidad\/ruta.php?cd=2\" target=\"_blank\" rel=\"noopener noreferrer\">Rutas Accesibles<\/a><\/h4>\n<\/li>\n<li>\n<h4><a href=\"http:\/\/ciudadespatrimonio.org\/presentaciondelgrupo\/index.php\" target=\"_blank\" rel=\"noopener noreferrer\">Ciudades Patrimonio de la Humanidad<\/a><\/h4>\n<\/li>\n<li>\n<h4><a href=\"http:\/\/www.espanaescultura.es\/es\/\" target=\"_blank\" rel=\"noopener noreferrer\">Espa\u00f1a es Cultura<\/a><\/h4>\n<\/li>\n<li>\n<h4><a href=\"http:\/\/www.avilaturismo.com\/es\/agenda\" target=\"_blank\" rel=\"noopener noreferrer\">Agenda<\/a><\/h4>\n<\/li>\n<\/ul>\n<h4 style=\"font-size: 16px; font-weight: bold; color: #888888; font-family: Arial, Helvetica, sans-serif; font-style: normal; font-variant: normal; letter-spacing: normal; line-height: normal; orphans: auto; text-align: start; text-indent: 0px; text-transform: none; white-space: normal; widows: 1; word-spacing: 0px; -webkit-text-stroke-width: 0px; border-top: 2px solid #cfc9c4; border-bottom: 2px solid #cfc9c4; margin: 1em 0px; background: #ffffff; padding: 0.5em 0px 0.5em 10px;\">\u00c1vila &#8211; Enlaces Multimedia<\/h4>\n<ul>\n<li>\n<h4><a title=\"Ver Video\" href=\"http:\/\/vimeo.com\/45247141\" target=\"_blank\" rel=\"noopener noreferrer\">\u00c1VILA, Tu pr\u00f3ximo destino<\/a><\/h4>\n<\/li>\n<li>\n<h4><a title=\"Ver Video\" href=\"http:\/\/www.rtve.es\/alacarta\/videos\/cuidades-para-el-siglo-xxi\/ciudades-para-siglo-xxi-avila-ciudad-caballeros\/629229\/\" target=\"_blank\" rel=\"noopener noreferrer\">\u00c1VILA, Ciudades para el Siglo XXI<\/a><span class=\"Apple-converted-space\">\u00a0<\/span>(rtve)<\/h4>\n<\/li>\n<li>\n<h4><a title=\"Ver Video\" href=\"http:\/\/vimeo.com\/54089425\" target=\"_blank\" rel=\"noopener noreferrer\">\u00c1VILA, Ciudades Patrimonio de la Humanidad<\/a><\/h4>\n<\/li>\n<li>\n<h4><a title=\"Ver Video\" href=\"http:\/\/www.rtve.es\/alacarta\/videos\/zoom-tendencias\/zoom-tendencias-avila-urbe-amable-02-02-13\/1681723\/\" target=\"_blank\" rel=\"noopener noreferrer\">Zoom Tendencias &#8211; \u00c1vila, una urbe amable<\/a><\/h4>\n<\/li>\n<\/ul>\n<h4 style=\"text-align: justify;\">\u00a0<\/h4>\n<p><\/p>","protected":false},"excerpt":{"rendered":"<p>What to do while in Avila \u00a0 Visitas guiadas El Ayuntamiento de \u00c1vila a trav\u00e9s de la Concejal\u00eda de Turismo realiza diferentes visitas guiadas el s\u00e1bado d\u00eda 14 de septiembre y el domingo 15 de septiembre. Descargar PDF Visitas guiadas \u00c1vila &nbsp; Com\u00fan a todas las visitas Aforo: M\u00e1ximo de 55 personas. Salidas: Centro de [&hellip;]<\/p>\n","protected":false},"author":1,"featured_media":0,"parent":0,"menu_order":0,"comment_status":"closed","ping_status":"closed","template":"","meta":{"footnotes":""},"class_list":["post-3821","page","type-page","status-publish","hentry"],"_links":{"self":[{"href":"https:\/\/www.iberradio.es\/en\/wp-json\/wp\/v2\/pages\/3821","targetHints":{"allow":["GET"]}}],"collection":[{"href":"https:\/\/www.iberradio.es\/en\/wp-json\/wp\/v2\/pages"}],"about":[{"href":"https:\/\/www.iberradio.es\/en\/wp-json\/wp\/v2\/types\/page"}],"author":[{"embeddable":true,"href":"https:\/\/www.iberradio.es\/en\/wp-json\/wp\/v2\/users\/1"}],"replies":[{"embeddable":true,"href":"https:\/\/www.iberradio.es\/en\/wp-json\/wp\/v2\/comments?post=3821"}],"version-history":[{"count":34,"href":"https:\/\/www.iberradio.es\/en\/wp-json\/wp\/v2\/pages\/3821\/revisions"}],"predecessor-version":[{"id":8900,"href":"https:\/\/www.iberradio.es\/en\/wp-json\/wp\/v2\/pages\/3821\/revisions\/8900"}],"wp:attachment":[{"href":"https:\/\/www.iberradio.es\/en\/wp-json\/wp\/v2\/media?parent=3821"}],"curies":[{"name":"wp","href":"https:\/\/api.w.org\/{rel}","templated":true}]}}