{"id":9572,"date":"2019-09-19T15:25:42","date_gmt":"2019-09-19T13:25:42","guid":{"rendered":"https:\/\/www.iberradio.es\/?page_id=9572"},"modified":"2019-09-19T15:25:42","modified_gmt":"2019-09-19T13:25:42","slug":"condiciones-de-uso","status":"publish","type":"page","link":"https:\/\/www.iberradio.es\/en\/condiciones-de-uso\/","title":{"rendered":"TERMS OF USE"},"content":{"rendered":"<menu>\n<p style=\"text-align: justify;\">El dominio en Internet iberradio.es, es titularidad de la Uni\u00f3n de Radioaficionados Espa\u00f1oles y en este documento se recogen las Condiciones de Uso de su web principal y subdominios.<\/p>\n<p style=\"text-align: justify;\">El uso de este sitio web implica la expresa y plena aceptaci\u00f3n de las presentes condiciones de uso, sin perjuicio de las condiciones particulares que pudieran aplicarse a algunos de los contenidos o servicios del sitio web.<\/p>\n<\/menu>\n<blockquote><p><strong>2.- USO DEL SITIO WEB<\/strong><\/p><\/blockquote>\n<menu>\n<p style=\"text-align: justify;\">El acceso a esta p\u00e1gina web y\/o subdominios es responsabilidad exclusiva de los usuarios, y supone aceptar y conocer las <a href=\"https:\/\/www.iberradio.es\/condiciones-de-uso\/\">condiciones de uso<\/a>, <a href=\"https:\/\/www.iberradio.es\/politica-de-privacidad\/\">pol\u00edtica de privacidad<\/a> y advertencias legales. IberRadio se reserva el derecho de realizar los cambios y modificaciones que estime convenientes y crea necesarios en la p\u00e1gina web sin necesidad de previo aviso.<\/p>\n<p style=\"text-align: justify;\">El usuario garantiza la autenticidad y veracidad de todos aquellos datos que comunique tanto en la cumplimentaci\u00f3n de los formularios de registro como en cualquier otro momento posterior, siendo su responsabilidad el actualizar la informaci\u00f3n suministrada. El usuario ser\u00e1 responsable de la inexactitud o falta de veracidad de la informaci\u00f3n aportada.<\/p>\n<\/menu>\n<blockquote><p><strong>3.- USO DE COOKIES<\/strong><\/p><\/blockquote>\n<menu>\n<p style=\"text-align: justify;\">En la web de IberRadio y\/o subdominios se utilizan cookies para facilitar la navegaci\u00f3n en su p\u00e1gina web y conocer las preferencias del usuario. Puede consultar nuestra <a href=\"\/politica-de-cookies\/\" target=\"blank\" rel=\"noopener noreferrer\">Pol\u00edtica de cookies<\/a>.<\/p>\n<\/menu>\n<blockquote><p><strong>4.- LEGISLACI\u00d3N Y FUERO<\/strong><\/p><\/blockquote>\n<menu>La prestaci\u00f3n del servicio se rige por la legislaci\u00f3n espa\u00f1ola, siendo competentes los Tribunales de Madrid, a los que el usuario se somete expresamente.<\/menu>\n","protected":false},"excerpt":{"rendered":"<p>El dominio en Internet iberradio.es, es titularidad de la Uni\u00f3n de Radioaficionados Espa\u00f1oles y en este documento se recogen las Condiciones de Uso de su web principal y subdominios. El uso de este sitio web implica la expresa y plena aceptaci\u00f3n de las presentes condiciones de uso, sin perjuicio de las condiciones particulares que pudieran [&hellip;]<\/p>\n","protected":false},"author":1,"featured_media":0,"parent":0,"menu_order":0,"comment_status":"closed","ping_status":"closed","template":"","meta":{"footnotes":""},"class_list":["post-9572","page","type-page","status-publish","hentry"],"_links":{"self":[{"href":"https:\/\/www.iberradio.es\/en\/wp-json\/wp\/v2\/pages\/9572","targetHints":{"allow":["GET"]}}],"collection":[{"href":"https:\/\/www.iberradio.es\/en\/wp-json\/wp\/v2\/pages"}],"about":[{"href":"https:\/\/www.iberradio.es\/en\/wp-json\/wp\/v2\/types\/page"}],"author":[{"embeddable":true,"href":"https:\/\/www.iberradio.es\/en\/wp-json\/wp\/v2\/users\/1"}],"replies":[{"embeddable":true,"href":"https:\/\/www.iberradio.es\/en\/wp-json\/wp\/v2\/comments?post=9572"}],"version-history":[{"count":2,"href":"https:\/\/www.iberradio.es\/en\/wp-json\/wp\/v2\/pages\/9572\/revisions"}],"predecessor-version":[{"id":9574,"href":"https:\/\/www.iberradio.es\/en\/wp-json\/wp\/v2\/pages\/9572\/revisions\/9574"}],"wp:attachment":[{"href":"https:\/\/www.iberradio.es\/en\/wp-json\/wp\/v2\/media?parent=9572"}],"curies":[{"name":"wp","href":"https:\/\/api.w.org\/{rel}","templated":true}]}}