{"id":1703,"date":"2015-05-07T19:12:01","date_gmt":"2015-05-07T17:12:01","guid":{"rendered":"http:\/\/www.iberradio.es\/?page_id=1703"},"modified":"2019-05-22T08:35:46","modified_gmt":"2019-05-22T06:35:46","slug":"como-llegar","status":"publish","type":"page","link":"https:\/\/www.iberradio.es\/pt\/como-llegar\/","title":{"rendered":"Como chegar"},"content":{"rendered":"<p><\/p>\n<p><img loading=\"lazy\" decoding=\"async\" class=\"aligncenter size-full wp-image-8088\" src=\"http:\/\/www.iberradio.es\/wp-content\/uploads\/2018\/06\/logo2.png\" alt=\"\" width=\"525\" height=\"195\" srcset=\"https:\/\/www.iberradio.es\/wp-content\/uploads\/2018\/06\/logo2.png 525w, https:\/\/www.iberradio.es\/wp-content\/uploads\/2018\/06\/logo2-300x111.png 300w, https:\/\/www.iberradio.es\/wp-content\/uploads\/2018\/06\/logo2-148x55.png 148w, https:\/\/www.iberradio.es\/wp-content\/uploads\/2018\/06\/logo2-31x12.png 31w, https:\/\/www.iberradio.es\/wp-content\/uploads\/2018\/06\/logo2-38x14.png 38w, https:\/\/www.iberradio.es\/wp-content\/uploads\/2018\/06\/logo2-425x158.png 425w\" sizes=\"auto, (max-width: 525px) 100vw, 525px\" \/><\/p>\n<h2 style=\"text-align: center;\">IberRadio &#8211; Exposi\u00e7\u00e3o e Congresso Centro <b><a href=\"http:\/\/www.lienzonorte.es\/\" target=\"_blank\" rel=\"noopener noreferrer\">Lienzo Norte<\/a><\/b><\/h2>\n<h2 style=\"text-align: center;\">Avenida de Madrid, 102 \u00b7 05001 \u00c1vila<\/h2>\n<h4 style=\"text-align: center;\">Coordenadas GPS: 40\u00b0 39\u2032 37\u2033 N\u00a0\u00a0\u00a04\u00b0 42\u2032 24\u2033 O<\/h4>\n<p><iframe loading=\"lazy\" style=\"border: 0;\" src=\"https:\/\/www.google.com\/maps\/embed?pb=!1m19!1m8!1m3!1d12106.471690043778!2d-4.7065892!3d40.660352!3m2!1i1024!2i768!4f13.1!4m8!3e6!4m0!4m5!1s0xd41f5687159b36b%3A0x7fb97ee112c76263!2sIberRadio%2C+Av.+de+Madrid%2C+102%2C+05001+%C3%81vila!3m2!1d40.660351999999996!2d-4.7065892!5e0!3m2!1ses!2ses!4v1494701671611\" width=\"100%\" height=\"450\" frameborder=\"0\" allowfullscreen=\"allowfullscreen\"><\/iframe><\/p>\n<hr \/>\n<h3 style=\"text-align: center;\"><b>Como moverse por \u00c1vila:<\/b><\/h3>\n<h4 style=\"text-align: center;\">Radio Taxi \u00c1vila: 920 35 35 45 &#8211; <a href=\"http:\/\/www.radiotaxiavila.com\" target=\"_blank\" rel=\"noopener noreferrer\">www.radiotaxiavila.com<\/a><br \/>\nAutocarros urbanos <a href=\"http:\/\/www.avilabus.com\" target=\"_blank\" rel=\"noopener noreferrer\">www.avilabus.com<\/a><\/h4>\n<hr \/>\n<p>&nbsp;<\/p>\n<h1>Distancias a cidades pr\u00f3ximas<\/h1>\n<hr \/>\n<h4><strong><a href=\"http:\/\/www.iberradio.es\/wp-content\/uploads\/2015\/05\/mapa-carreteras.jpg\"><img loading=\"lazy\" decoding=\"async\" class=\"size-medium wp-image-3229 alignleft\" src=\"http:\/\/www.iberradio.es\/wp-content\/uploads\/2015\/05\/mapa-carreteras-244x300.jpg\" alt=\"mapa-carreteras\" width=\"244\" height=\"300\" srcset=\"https:\/\/www.iberradio.es\/wp-content\/uploads\/2015\/05\/mapa-carreteras-244x300.jpg 244w, https:\/\/www.iberradio.es\/wp-content\/uploads\/2015\/05\/mapa-carreteras-120x148.jpg 120w, https:\/\/www.iberradio.es\/wp-content\/uploads\/2015\/05\/mapa-carreteras-25x31.jpg 25w, https:\/\/www.iberradio.es\/wp-content\/uploads\/2015\/05\/mapa-carreteras-31x38.jpg 31w, https:\/\/www.iberradio.es\/wp-content\/uploads\/2015\/05\/mapa-carreteras-175x215.jpg 175w, https:\/\/www.iberradio.es\/wp-content\/uploads\/2015\/05\/mapa-carreteras.jpg 376w\" sizes=\"auto, (max-width: 244px) 100vw, 244px\" \/><\/a><\/strong><\/h4>\n<h4><strong>Madrid<\/strong> 113 km.<\/h4>\n<h4><strong>Valladolid<\/strong> 121 km.<\/h4>\n<h4><strong>Segovia<\/strong> 67 km.<\/h4>\n<h4><strong>Toledo<\/strong> 197 km.<\/h4>\n<h4><strong>Salamanca<\/strong> 99 km.<\/h4>\n<h4><strong>C\u00e1ceres<\/strong> 229 km.<\/h4>\n<h4>A 129 km. do <strong>Aeropuerto de Madrid Adolfo Su\u00e1rez<\/strong><\/h4>\n<h4>A 114 km. das principais esta\u00e7\u00f5es de comboio (<strong>Atocha y Pr\u00edncipe Pio<\/strong>)<\/h4>\n<h4><\/h4>\n<h4>A um passo da Esta\u00e7\u00e3o de Comboios e autocarros de \u00c1vila<\/h4>\n<h1>Como chegar | Por comboio<\/h1>\n<hr \/>\n<h4>Poder\u00e1s chegar a \u00c1vila em comboios de media distancia e tamb\u00e9m em comboios urbanos desde a esta\u00e7\u00e3o de Madrid-Pr\u00edncipe Pio em 1 hora e 30 minutos.<\/h4>\n<h4>Tamb\u00e9m poder\u00e1s viajar de comboio desde Le\u00f3n, Salamanca, Vitoria\/Gasteiz, Irun, A Coru\u00f1a, Palencia, Valladolid, Alcazar de San Juan, Lisboa e outras cidades.<\/h4>\n<h4 style=\"text-align: justify;\">Podes consultar todos os hor\u00e1rios e pre\u00e7os em <strong><a href=\"http:\/\/www.renfe.com\" target=\"_blank\" rel=\"noopener noreferrer\">www.renfe.com<\/a><\/strong><\/h4>\n<h4 style=\"text-align: justify;\"><\/h4>\n<h1 style=\"text-align: justify;\">Como chegar | Por Avi\u00e3o<\/h1>\n<hr \/>\n<h4 style=\"text-align: justify;\">O aeroporto Adolfo Su\u00e1rez ( Madrid-Barajas ) encontra-se a apenas 129 Km de \u00c1vila.<\/h4>\n<h4>Desde o aeroporto tens conex\u00f5es diretas no metro que te transportar\u00e3o em apenas 20 minutos \u00e0 esta\u00e7\u00e3o de comboios de Pr\u00edncipe Pio.<\/h4>\n<h4 style=\"text-align: justify;\">Tamb\u00e9m a somente 50 minutos de \u00c1vila tens o <b><a href=\"http:\/\/www.aena.es\/csee\/Satellite\/Aeropuerto-Salamanca\/es\/\" target=\"_blank\" rel=\"noopener noreferrer\">Aeroporto de Salamanca <\/a><\/b> ou a 1 hora e 30 minutos o <b><a href=\"http:\/\/www.aena.es\/csee\/Satellite\/Aeropuerto-Valladolid\/es\/Inicio.html\" target=\"_blank\" rel=\"noopener noreferrer\">Aeroporto de Valladolid<\/a><\/b>.<\/h4>\n<h4 style=\"text-align: justify;\"><\/h4>\n<h1 style=\"text-align: justify;\">Como chegar | Por autocarro<\/h1>\n<hr \/>\n<h4 style=\"text-align: justify;\">Esta\u00e7\u00e3o de Autocarros de \u00c1vila \u2013 Avenida Juan Carlos I, n\u00ba 1 (a apenas 10 minutos de IberRadio).<\/h4>\n<h4 style=\"text-align: justify;\"><\/h4>\n<h4 style=\"text-align: justify;\">Podes consultar todos los hor\u00e1rios e pre\u00e7os desde <strong><a href=\"http:\/\/www.avanzabus.com\" target=\"_blank\" rel=\"noopener noreferrer\">www.avanzabus.com<\/a><\/strong> o <strong><a href=\"http:\/\/www.jimenezdorado.com\" target=\"_blank\" rel=\"noopener noreferrer\">www.jimenezdorado.com<\/a><\/strong><\/h4>\n<h4 style=\"text-align: justify;\"><\/h4>\n<h4 style=\"text-align: justify;\"><\/h4>\n<h4 style=\"text-align: justify;\"><b>Hor\u00e1rios<\/b><\/h4>\n<h4 style=\"text-align: justify;\"><b>Madrid-\u00c1vila<\/b><\/h4>\n<h4>Segunda a sexta \u2013 excluindo feriados.<br \/>\n6,45 &#8211; 8,30 &#8211; 10,30 &#8211; 12,00 &#8211; 14,30 &#8211; 15,30 &#8211; 16,00 &#8211; 17,30 &#8211; 19,00 &#8211; 21,00<\/h4>\n<h4>S\u00e1bados &#8211; excluindo feriados.<br \/>\n9,00 &#8211; 11,00 &#8211; 13,00 &#8211; 16,00 &#8211; 18,00 &#8211; 21,00<\/h4>\n<h4>Domingos e feriados.<br \/>\n9,00 &#8211; 11,00 &#8211; 13,00 &#8211; 16,00 &#8211; 18,00 &#8211; 20,00 &#8211; 22,00<\/h4>\n<h4 style=\"text-align: justify;\"><b>\u00c1vila-Madrid<\/b><\/h4>\n<h4>Segunda a sexta \u2013 excluindo feriados.<br \/>\n6,00 &#8211; 6,20 &#8211; 6,40 &#8211; 7,00 &#8211; 9,00 &#8211; 12,00 &#8211; 15,15 &#8211; 17,00 &#8211; 19,00 &#8211; 21,00<\/h4>\n<h4>S\u00e1bados &#8211; excluindo feriados.<br \/>\n7,00 &#8211; 9,00 &#8211; 12,00 &#8211; 16,00 &#8211; 18,00 &#8211; 21,00<\/h4>\n<h4>Domingos e feriados.<br \/>\n9,00 &#8211; 12,00 &#8211; 16,00 &#8211; 17,00 &#8211; 18,30 &#8211; 20,00 &#8211; 22,00<\/h4>\n<h4><\/h4>\n<h1 style=\"text-align: justify;\">Como chegar | De carro<\/h1>\n<hr \/>\n<h4><a href=\"http:\/\/www.iberradio.es\/wp-content\/uploads\/2015\/05\/mapa-carreteras.jpg\"><img loading=\"lazy\" decoding=\"async\" class=\"size-medium wp-image-3229 alignleft\" src=\"http:\/\/www.iberradio.es\/wp-content\/uploads\/2015\/05\/mapa-carreteras-244x300.jpg\" alt=\"mapa-carreteras\" width=\"244\" height=\"300\" srcset=\"https:\/\/www.iberradio.es\/wp-content\/uploads\/2015\/05\/mapa-carreteras-244x300.jpg 244w, https:\/\/www.iberradio.es\/wp-content\/uploads\/2015\/05\/mapa-carreteras-120x148.jpg 120w, https:\/\/www.iberradio.es\/wp-content\/uploads\/2015\/05\/mapa-carreteras-25x31.jpg 25w, https:\/\/www.iberradio.es\/wp-content\/uploads\/2015\/05\/mapa-carreteras-31x38.jpg 31w, https:\/\/www.iberradio.es\/wp-content\/uploads\/2015\/05\/mapa-carreteras-175x215.jpg 175w, https:\/\/www.iberradio.es\/wp-content\/uploads\/2015\/05\/mapa-carreteras.jpg 376w\" sizes=\"auto, (max-width: 244px) 100vw, 244px\" \/><\/a><\/h4>\n<h4>A cidade de \u00c1vila \u00e9 servida por sete estradas:<\/h4>\n<ol>\n<li>\n<h4>Pelo norte pela A-50 que une Salamanca a \u00c1vila.<\/h4>\n<\/li>\n<li>\n<h4>Tamb\u00e9m pelo norte pela N-403 que se cruza com a A-6 (Madrid-A Coru\u00f1a).<\/h4>\n<\/li>\n<li>\n<h4>Por nordeste pela A-51 que vem da A-6 y que conecta Madrid com \u00c1vila.<\/h4>\n<\/li>\n<li>\n<h4>Por sudeste pela CL-505 vindo desde a localidade madrilena de El Escorial.<\/h4>\n<\/li>\n<li>\n<h4>Pelo Sul pela N-403 que une Toledo com \u00c1vila.<\/h4>\n<\/li>\n<li>\n<h4>Por sudoeste atrav\u00e9s da N-502 que conecta Talavera de la Reina com \u00c1vila.<\/h4>\n<\/li>\n<li>\n<h4>E finalmente, tamb\u00e9m por sudoeste, a N-110 que une Plasencia com \u00c1vila.<\/h4>\n<\/li>\n<\/ol>\n<p><\/p>","protected":false},"excerpt":{"rendered":"<p>IberRadio &#8211; Exposi\u00e7\u00e3o e Congresso Centro Lienzo Norte Avenida de Madrid, 102 \u00b7 05001 \u00c1vila Coordenadas GPS: 40\u00b0 39\u2032 37\u2033 N\u00a0\u00a0\u00a04\u00b0 42\u2032 24\u2033 O Como moverse por \u00c1vila: Radio Taxi \u00c1vila: 920 35 35 45 &#8211; www.radiotaxiavila.com Autocarros urbanos www.avilabus.com &nbsp; Distancias a cidades pr\u00f3ximas Madrid 113 km. Valladolid 121 km. Segovia 67 km. Toledo [&hellip;]<\/p>\n","protected":false},"author":1,"featured_media":0,"parent":0,"menu_order":0,"comment_status":"open","ping_status":"open","template":"","meta":{"footnotes":""},"class_list":["post-1703","page","type-page","status-publish","hentry"],"_links":{"self":[{"href":"https:\/\/www.iberradio.es\/pt\/wp-json\/wp\/v2\/pages\/1703","targetHints":{"allow":["GET"]}}],"collection":[{"href":"https:\/\/www.iberradio.es\/pt\/wp-json\/wp\/v2\/pages"}],"about":[{"href":"https:\/\/www.iberradio.es\/pt\/wp-json\/wp\/v2\/types\/page"}],"author":[{"embeddable":true,"href":"https:\/\/www.iberradio.es\/pt\/wp-json\/wp\/v2\/users\/1"}],"replies":[{"embeddable":true,"href":"https:\/\/www.iberradio.es\/pt\/wp-json\/wp\/v2\/comments?post=1703"}],"version-history":[{"count":65,"href":"https:\/\/www.iberradio.es\/pt\/wp-json\/wp\/v2\/pages\/1703\/revisions"}],"predecessor-version":[{"id":8941,"href":"https:\/\/www.iberradio.es\/pt\/wp-json\/wp\/v2\/pages\/1703\/revisions\/8941"}],"wp:attachment":[{"href":"https:\/\/www.iberradio.es\/pt\/wp-json\/wp\/v2\/media?parent=1703"}],"curies":[{"name":"wp","href":"https:\/\/api.w.org\/{rel}","templated":true}]}}