{"id":1805,"date":"2015-05-14T21:04:11","date_gmt":"2015-05-14T19:04:11","guid":{"rendered":"http:\/\/www.iberradio.es\/?page_id=1805"},"modified":"2025-05-13T14:14:25","modified_gmt":"2025-05-13T12:14:25","slug":"material-grafico","status":"publish","type":"page","link":"https:\/\/www.iberradio.es\/pt\/material-grafico\/","title":{"rendered":"Material gr\u00e1fico"},"content":{"rendered":"<p><\/p>\n<h1 align=\"justify\">MATERIAL GR\u00c1FICO<\/h1>\n<hr \/>\n<h4 style=\"text-align: justify;\" align=\"justify\">Colocamos \u00e0 vossa disposi\u00e7\u00e3o diverso material gr\u00e1fico de IberRadio o qual poder\u00e1s usar livremente nas tuas p\u00e1ginas web.<br \/>Este material poder\u00e1 ser usado livremente.<\/h4>\n<h4 style=\"text-align: justify;\" align=\"justify\">Convid\u00e1mos todos os clubes e associa\u00e7\u00f5es de r\u00e1dio a imprimir o cartaz IberRadio para ser exposto na sede e, assim, dar mais publicidade \u00e0 feira.<\/h4>\n<h1>LOGOTIPOS<\/h1>\n<hr \/>\n<table class=\"normal\" style=\"border: 0px; width: 100%;\" border=\"0\" cellspacing=\"0\" cellpadding=\"0\">\n<tbody>\n<tr>\n<td style=\"width: 57.3313%;\" align=\"center\" width=\"40%\"><img decoding=\"async\" src=\"https:\/\/www.iberradio.es\/downloads\/Logo-IberRadio-3.png?11\" alt=\"\" width=\"280\" \/><\/td>\n<td style=\"width: 42.6687%;\" align=\"left\" width=\"60%\">\n<h4><a href=\"https:\/\/www.iberradio.es\/downloads\/Logo-IberRadio-3.png\" target=\"_blank\" rel=\"noopener noreferrer\">Download logotipo em baixa resolu\u00e7\u00e3o<\/a><\/h4>\n<h4><a href=\"https:\/\/www.iberradio.es\/downloads\/Logo-IberRadio-1.png\" target=\"_blank\" rel=\"noopener noreferrer\">Download logotipo em alta resolu\u00e7\u00e3o<\/a><\/h4>\n<\/td>\n<\/tr>\n<tr>\n<td style=\"width: 57.3313%;\" align=\"center\" width=\"50%\"><img decoding=\"async\" src=\"https:\/\/www.iberradio.es\/downloads\/Logo-IberRadio-4.png?11\" alt=\"\" width=\"280\" \/><\/td>\n<td style=\"width: 42.6687%;\" align=\"left\" width=\"50%\">\n<h4>\u00a0<\/h4>\n<h4><a href=\"https:\/\/www.iberradio.es\/downloads\/Logo-IberRadio-4.png\" target=\"_blank\" rel=\"noopener noreferrer\">Download logotipo em baixa resolu\u00e7\u00e3o<\/a><\/h4>\n<h4><a href=\"https:\/\/www.iberradio.es\/downloads\/Logo-IberRadio-2.png\" target=\"_blank\" rel=\"noopener noreferrer\">Download logotipo em alta resolu\u00e7\u00e3o<\/a><\/h4>\n<\/td>\n<\/tr>\n<\/tbody>\n<\/table>\n<h1>CARTELES<\/h1>\n<hr \/>\n<table class=\"normal\" style=\"border: 0px; width: 100%;\" border=\"0\" width=\"100%\" cellspacing=\"0\" cellpadding=\"0\">\n<tbody>\n<tr>\n<td align=\"center\" width=\"50%\"><a href=\"https:\/\/www.iberradio.es\/downloads\/IberRadio-2025-Cartel-1.pdf\" target=\"_blank\" rel=\"noopener noreferrer\"><img decoding=\"async\" class=\"aligncenter\" src=\"https:\/\/www.iberradio.es\/downloads\/IberRadio-2025-Cartel-1.jpg\" alt=\"\" width=\"280\" \/><\/a><\/td>\n<td align=\"center\" width=\"50%\"><a href=\"https:\/\/www.iberradio.es\/downloads\/IberRadio-2025-Cartel-2.pdf\" target=\"_blank\" rel=\"noopener noreferrer\"><img decoding=\"async\" class=\"aligncenter\" src=\"https:\/\/www.iberradio.es\/downloads\/IberRadio-2025-Cartel-2.jpg\" alt=\"\" width=\"280\" \/><\/a><\/td>\n<\/tr>\n<tr>\n<td style=\"text-align: center;\" align=\"left\" width=\"50%\">\n<h4><a href=\"https:\/\/www.iberradio.es\/downloads\/IberRadio-2025-Cartel-1.pdf\" target=\"_blank\" rel=\"noopener noreferrer\">Download cartaz<\/a><\/h4>\n<\/td>\n<td style=\"text-align: center;\" align=\"left\" width=\"50%\">\n<h4><a href=\"https:\/\/www.iberradio.es\/downloads\/IberRadio-2025-Cartel-2.pdf\" target=\"_blank\" rel=\"noopener noreferrer\">Download cartaz<\/a><\/h4>\n<\/td>\n<\/tr>\n<\/tbody>\n<\/table>\n<p>&nbsp;<\/p>\n<p>&nbsp;<\/p>\n<p><\/p>","protected":false},"excerpt":{"rendered":"<p>MATERIAL GR\u00c1FICO Colocamos \u00e0 vossa disposi\u00e7\u00e3o diverso material gr\u00e1fico de IberRadio o qual poder\u00e1s usar livremente nas tuas p\u00e1ginas web.Este material poder\u00e1 ser usado livremente. Convid\u00e1mos todos os clubes e associa\u00e7\u00f5es de r\u00e1dio a imprimir o cartaz IberRadio para ser exposto na sede e, assim, dar mais publicidade \u00e0 feira. LOGOTIPOS Download logotipo em baixa [&hellip;]<\/p>\n","protected":false},"author":1,"featured_media":0,"parent":0,"menu_order":0,"comment_status":"open","ping_status":"open","template":"","meta":{"footnotes":""},"class_list":["post-1805","page","type-page","status-publish","hentry"],"_links":{"self":[{"href":"https:\/\/www.iberradio.es\/pt\/wp-json\/wp\/v2\/pages\/1805","targetHints":{"allow":["GET"]}}],"collection":[{"href":"https:\/\/www.iberradio.es\/pt\/wp-json\/wp\/v2\/pages"}],"about":[{"href":"https:\/\/www.iberradio.es\/pt\/wp-json\/wp\/v2\/types\/page"}],"author":[{"embeddable":true,"href":"https:\/\/www.iberradio.es\/pt\/wp-json\/wp\/v2\/users\/1"}],"replies":[{"embeddable":true,"href":"https:\/\/www.iberradio.es\/pt\/wp-json\/wp\/v2\/comments?post=1805"}],"version-history":[{"count":73,"href":"https:\/\/www.iberradio.es\/pt\/wp-json\/wp\/v2\/pages\/1805\/revisions"}],"predecessor-version":[{"id":10451,"href":"https:\/\/www.iberradio.es\/pt\/wp-json\/wp\/v2\/pages\/1805\/revisions\/10451"}],"wp:attachment":[{"href":"https:\/\/www.iberradio.es\/pt\/wp-json\/wp\/v2\/media?parent=1805"}],"curies":[{"name":"wp","href":"https:\/\/api.w.org\/{rel}","templated":true}]}}