{"id":1840,"date":"2015-05-14T23:59:59","date_gmt":"2015-05-14T21:59:59","guid":{"rendered":"http:\/\/www.iberradio.es\/?page_id=1840"},"modified":"2021-06-24T09:37:03","modified_gmt":"2021-06-24T07:37:03","slug":"condiciones","status":"publish","type":"page","link":"https:\/\/www.iberradio.es\/pt\/condiciones\/","title":{"rendered":"Condi\u00e7\u00f5es"},"content":{"rendered":"<p><img loading=\"lazy\" decoding=\"async\" class=\"aligncenter size-full wp-image-8110\" src=\"https:\/\/www.iberradio.es\/wp-content\/uploads\/2021\/06\/imagen-web.jpg\" alt=\"\" width=\"940\" height=\"400\" \/><\/p>\n<div class=\"row clearfix\"><ul class=\"photo_gallery shortcode\" data-rt-animation-group=\"group\">\n\n\t\t<li class=\"box five first\" data-rt-animate=\"animate\" data-rt-animation-type=\"fadeIn\">\n\t\t\t<div class=\"imgeffect\">\t\n\t\t\t\t<a id=\"lightbox-165895\" class=\"icon-zoom-in lightbox_ single\" data-group=\"410114\" title=\"Enlarge Image\" data-title=\"\" data-description=\"\" data-thumbnail=\"https:\/\/www.iberradio.es\/wp-content\/uploads\/2019\/05\/iberradio2018_06-75x50.jpg\" data-thumbTooltip=\"\" data-scaleUp=\"\" data-href=\"\" data-width=\"\" data-height=\"\" data-flashHasPriority=\"\" data-poster=\"\" data-autoplay=\"\" data-audiotitle=\"\" href=\"https:\/\/www.iberradio.es\/wp-content\/uploads\/2019\/05\/iberradio2018_06.jpg\"><\/a>\t\t\t\t\t\t\t\n\t\t\t\t<img decoding=\"async\" src=\"https:\/\/www.iberradio.es\/wp-content\/uploads\/2019\/05\/iberradio2018_06-480x320.jpg\" alt=\"\"> \t\t\t\t\t\t\t\t\t\n\t\t\t<\/div>\n\t\t\t \t\n\t\t<\/li>\n\t\n\n\t\t<li class=\"box five\" data-rt-animate=\"animate\" data-rt-animation-type=\"fadeIn\">\n\t\t\t<div class=\"imgeffect\">\t\n\t\t\t\t<a id=\"lightbox-221158\" class=\"icon-zoom-in lightbox_ single\" data-group=\"410114\" title=\"Enlarge Image\" data-title=\"\" data-description=\"\" data-thumbnail=\"https:\/\/www.iberradio.es\/wp-content\/uploads\/2019\/05\/iberradio2018_50-75x50.jpg\" data-thumbTooltip=\"\" data-scaleUp=\"\" data-href=\"\" data-width=\"\" data-height=\"\" data-flashHasPriority=\"\" data-poster=\"\" data-autoplay=\"\" data-audiotitle=\"\" href=\"https:\/\/www.iberradio.es\/wp-content\/uploads\/2019\/05\/iberradio2018_50.jpg\"><\/a>\t\t\t\t\t\t\t\n\t\t\t\t<img decoding=\"async\" src=\"https:\/\/www.iberradio.es\/wp-content\/uploads\/2019\/05\/iberradio2018_50-480x320.jpg\" alt=\"\"> \t\t\t\t\t\t\t\t\t\n\t\t\t<\/div>\n\t\t\t \t\n\t\t<\/li>\n\t\n\n\t\t<li class=\"box five\" data-rt-animate=\"animate\" data-rt-animation-type=\"fadeIn\">\n\t\t\t<div class=\"imgeffect\">\t\n\t\t\t\t<a id=\"lightbox-836892\" class=\"icon-zoom-in lightbox_ single\" data-group=\"410114\" title=\"Enlarge Image\" data-title=\"\" data-description=\"\" data-thumbnail=\"https:\/\/www.iberradio.es\/wp-content\/uploads\/2019\/05\/iberradio2018_65-75x50.jpg\" data-thumbTooltip=\"\" data-scaleUp=\"\" data-href=\"\" data-width=\"\" data-height=\"\" data-flashHasPriority=\"\" data-poster=\"\" data-autoplay=\"\" data-audiotitle=\"\" href=\"https:\/\/www.iberradio.es\/wp-content\/uploads\/2019\/05\/iberradio2018_65.jpg\"><\/a>\t\t\t\t\t\t\t\n\t\t\t\t<img decoding=\"async\" src=\"https:\/\/www.iberradio.es\/wp-content\/uploads\/2019\/05\/iberradio2018_65-480x320.jpg\" alt=\"\"> \t\t\t\t\t\t\t\t\t\n\t\t\t<\/div>\n\t\t\t \t\n\t\t<\/li>\n\t\n\n\t\t<li class=\"box five\" data-rt-animate=\"animate\" data-rt-animation-type=\"fadeIn\">\n\t\t\t<div class=\"imgeffect\">\t\n\t\t\t\t<a id=\"lightbox-241533\" class=\"icon-zoom-in lightbox_ single\" data-group=\"410114\" title=\"Enlarge Image\" data-title=\"\" data-description=\"\" data-thumbnail=\"https:\/\/www.iberradio.es\/wp-content\/uploads\/2019\/05\/iberardio2018_67-75x50.jpg\" data-thumbTooltip=\"\" data-scaleUp=\"\" data-href=\"\" data-width=\"\" data-height=\"\" data-flashHasPriority=\"\" data-poster=\"\" data-autoplay=\"\" data-audiotitle=\"\" href=\"https:\/\/www.iberradio.es\/wp-content\/uploads\/2019\/05\/iberardio2018_67.jpg\"><\/a>\t\t\t\t\t\t\t\n\t\t\t\t<img decoding=\"async\" src=\"https:\/\/www.iberradio.es\/wp-content\/uploads\/2019\/05\/iberardio2018_67-480x320.jpg\" alt=\"\"> \t\t\t\t\t\t\t\t\t\n\t\t\t<\/div>\n\t\t\t \t\n\t\t<\/li>\n\t\n\n\t\t<li class=\"box five last\" data-rt-animate=\"animate\" data-rt-animation-type=\"fadeIn\">\n\t\t\t<div class=\"imgeffect\">\t\n\t\t\t\t<a id=\"lightbox-777794\" class=\"icon-zoom-in lightbox_ single\" data-group=\"410114\" title=\"Enlarge Image\" data-title=\"\" data-description=\"\" data-thumbnail=\"https:\/\/www.iberradio.es\/wp-content\/uploads\/2019\/05\/iberardio2018_76-75x50.jpg\" data-thumbTooltip=\"\" data-scaleUp=\"\" data-href=\"\" data-width=\"\" data-height=\"\" data-flashHasPriority=\"\" data-poster=\"\" data-autoplay=\"\" data-audiotitle=\"\" href=\"https:\/\/www.iberradio.es\/wp-content\/uploads\/2019\/05\/iberardio2018_76.jpg\"><\/a>\t\t\t\t\t\t\t\n\t\t\t\t<img decoding=\"async\" src=\"https:\/\/www.iberradio.es\/wp-content\/uploads\/2019\/05\/iberardio2018_76-480x320.jpg\" alt=\"\"> \t\t\t\t\t\t\t\t\t\n\t\t\t<\/div>\n\t\t\t \t\n\t\t<\/li>\n\t\n<\/ul><div class=\"clear\"><\/div><\/div>\n<h4 align=\"justify\">Para obter mais informa\u00e7\u00f5es, entre em contato conosco em <b><a href=\"mailto:iberradio@iberradio.es\">iberradio@iberradio.es<\/a><\/b><\/h4>\n<p><!--\n\n<h5 align=\"justify\">Nesta v edi\u00e7\u00e3o da feira continuamos com o objetivo de ter um or\u00e7amento de despesas e receitas t\u00e3o apertado quanto poss\u00edvel, tentando sempre aumentar a qualidade e servi\u00e7os para expositores e, especialmente, para os participantes.<\/h5>\n\n\n\n\n<h5 align=\"justify\">Nesta base, a inten\u00e7\u00e3o \u00e9 que todos os que est\u00e3o os expositores nas diferentes sec\u00e7\u00f5es contribuam em fun\u00e7\u00e3o do espa\u00e7o\/sector que esteja destinado.<\/h5>\n\n\n\n\n<div align=\"center\">\n\n\n<table class=\"normal2\" style=\"border-collapse: collapse;\" border=\"1\" cellspacing=\"0\" cellpadding=\"0\">\n\n\n<tbody>\n\n\n<tr class=\"normal2\">\n\n\n<td class=\"normal2\" bgcolor=\"#C5D9F1\" width=\"540\"><b>GRUPO<\/b><\/td>\n\n\n\n\n<td class=\"normal2\" align=\"center\" bgcolor=\"#C5D9F1\" width=\"45\"><b>Quantidade<\/b><\/td>\n\n\n\n\n<td class=\"normal2\" align=\"center\" bgcolor=\"#C5D9F1\" width=\"40\"><b>Comprimento<\/b><\/td>\n\n\n\n\n<td class=\"normal2\" align=\"center\" bgcolor=\"#C5D9F1\" width=\"40\"><b>Largura<\/b><\/td>\n\n\n\n\n<td class=\"normal2\" align=\"center\" bgcolor=\"#C5D9F1\" width=\"60\"><b>Total M\u00b2<\/b><\/td>\n\n\n<\/tr>\n\n\n\n\n<tr class=\"normal2\">\n\n\n<td class=\"normal2\" bgcolor=\"#FFFFFF\">Marca \/ Importador<\/td>\n\n\n\n\n<td class=\"normal2\" align=\"center\" bgcolor=\"#FFFFFF\">450,00<\/td>\n\n\n\n\n<td class=\"normal2\" align=\"center\" bgcolor=\"#FFFFFF\">5<\/td>\n\n\n\n\n<td class=\"normal2\" align=\"center\" bgcolor=\"#FFFFFF\">3<\/td>\n\n\n\n\n<td class=\"normal2\" align=\"center\" bgcolor=\"#FFFFFF\">15<\/td>\n\n\n<\/tr>\n\n\n\n\n<tr class=\"normal2\">\n\n\n<td class=\"normal2\" bgcolor=\"#FFFFFF\">Distribuidores<\/td>\n\n\n\n\n<td class=\"normal2\" align=\"center\" bgcolor=\"#FFFFFF\">300,00<\/td>\n\n\n\n\n<td class=\"normal2\" align=\"center\" bgcolor=\"#FFFFFF\">4<\/td>\n\n\n\n\n<td class=\"normal2\" align=\"center\" bgcolor=\"#FFFFFF\">3<\/td>\n\n\n\n\n<td class=\"normal2\" align=\"center\" bgcolor=\"#FFFFFF\">12<\/td>\n\n\n<\/tr>\n\n\n\n\n<tr class=\"normal2\">\n\n\n<td class=\"normal2\" bgcolor=\"#FFFFFF\">Desenvolverdores<\/td>\n\n\n\n\n<td class=\"normal2\" align=\"center\" bgcolor=\"#FFFFFF\">100,00<\/td>\n\n\n\n\n<td class=\"normal2\" align=\"center\" bgcolor=\"#FFFFFF\">3<\/td>\n\n\n\n\n<td class=\"normal2\" align=\"center\" bgcolor=\"#FFFFFF\">2<\/td>\n\n\n\n\n<td class=\"normal2\" align=\"center\" bgcolor=\"#FFFFFF\">6<\/td>\n\n\n<\/tr>\n\n\n\n\n<tr class=\"normal2\">\n\n\n<td class=\"normal2\" bgcolor=\"#FFFFFF\">Associa\u00e7\u00f5es e Clubes de Radio &gt; 5.000 associado<\/td>\n\n\n\n\n<td class=\"normal2\" align=\"center\" bgcolor=\"#FFFFFF\">450,00<\/td>\n\n\n\n\n<td class=\"normal2\" align=\"center\" bgcolor=\"#FFFFFF\">5<\/td>\n\n\n\n\n<td class=\"normal2\" align=\"center\" bgcolor=\"#FFFFFF\">3<\/td>\n\n\n\n\n<td class=\"normal2\" align=\"center\" bgcolor=\"#FFFFFF\">15<\/td>\n\n\n<\/tr>\n\n\n\n\n<tr class=\"normal2\">\n\n\n<td class=\"normal2\" bgcolor=\"#FFFFFF\">Associa\u00e7\u00f5es e Clubes de Radio 1.000 e 5.000 associado<\/td>\n\n\n\n\n<td class=\"normal2\" align=\"center\" bgcolor=\"#FFFFFF\">300,00<\/td>\n\n\n\n\n<td class=\"normal2\" align=\"center\" bgcolor=\"#FFFFFF\">4<\/td>\n\n\n\n\n<td class=\"normal2\" align=\"center\" bgcolor=\"#FFFFFF\">3<\/td>\n\n\n\n\n<td class=\"normal2\" align=\"center\" bgcolor=\"#FFFFFF\">12<\/td>\n\n\n<\/tr>\n\n\n\n\n<tr class=\"normal2\">\n\n\n<td class=\"normal2\" bgcolor=\"#FFFFFF\">Associa\u00e7\u00f5es e Clubes de Radio  200 e 1.000 associado<\/td>\n\n\n\n\n<td class=\"normal2\" align=\"center\" bgcolor=\"#FFFFFF\">100,00<\/td>\n\n\n\n\n<td class=\"normal2\" align=\"center\" bgcolor=\"#FFFFFF\">3<\/td>\n\n\n\n\n<td class=\"normal2\" align=\"center\" bgcolor=\"#FFFFFF\">3<\/td>\n\n\n\n\n<td class=\"normal2\" align=\"center\" bgcolor=\"#FFFFFF\">9<\/td>\n\n\n<\/tr>\n\n\n\n\n<tr class=\"normal2\">\n\n\n<td class=\"normal2\" bgcolor=\"#FFFFFF\">Associa\u00e7\u00f5es e Clubes de Radio &lt; de 200 associado<\/td>\n\n\n\n\n<td class=\"normal2\" align=\"center\" bgcolor=\"#FFFFFF\">60,00<\/td>\n\n\n\n\n<td class=\"normal2\" align=\"center\" bgcolor=\"#FFFFFF\">3<\/td>\n\n\n\n\n<td class=\"normal2\" align=\"center\" bgcolor=\"#FFFFFF\">2<\/td>\n\n\n\n\n<td class=\"normal2\" align=\"center\" bgcolor=\"#FFFFFF\">6<\/td>\n\n\n<\/tr>\n\n\n<\/tbody>\n\n\n<\/table>\n\n\n<\/div>\n\n\n\n\n<h5 align=\"justify\">* Pre\u00e7o sem IVA<\/h5>\n\n\n\n\n<h5 align=\"justify\">Este montante cobrir\u00e1 todas as despesas que est\u00e3o or\u00e7amentadas: cartazes publicit\u00e1rios, folhetos da feira, acredita\u00e7\u00e3o, banners publicit\u00e1rios, dom\u00ednio e redes sociais, recorda\u00e7\u00f5es para os participantes, altifalantes, etc.<\/h5>\n\n\n\n\n<h5 align=\"justify\">Para os stands de 15 e 12 m2, haver\u00e1 um espa\u00e7o modular com moldura de alum\u00ednio e placa de melamina em branco com front\u00e3o curvo, tagline, painel el\u00e9trico e foco de ilumina\u00e7\u00e3o. O montante deste aluguer est\u00e1 inclu\u00eddo nos valores a serem pagos.<\/h5>\n\n\n\n\n<h5 align=\"justify\">Se necessitar de mais metros quadrados entre em contato com organiza\u00e7\u00e3o para obter informa\u00e7\u00f5es sobre o custo do mesmo.<\/h5>\n\n\n\n\n<h5 align=\"justify\">Mesas, t\u00e1buas, suportes e cadeiras ser\u00e3o fornecidas pela organiza\u00e7\u00e3o, sendo inclu\u00eddos nos valores a serem pagos e, portanto, s\u00f3 \u00e9 necess\u00e1rio que disponham de um pano para cobrir as mesas.<\/h5>\n\n\n\n\n<h5 align=\"justify\">O prazo para a realiza\u00e7\u00e3o de reservas termina no dia 8 de Setembro, quanto mais cedo decidir, mais cedo far\u00e1 parte da feira e poder\u00e1 efetuar diferentes campanhas junto dos seus clientes, associados e amigos. Isso dar\u00e1 uma publicidade extra \u00e0 sua empresa.<\/h5>\n\n\n\n\n\n\n<hr \/>\n\n\n\n\n\n<h2><strong>Segunda m\u00e3o<\/strong><\/h2>\n\n\n\n\n<h5 align=\"justify\">Se est\u00e1 interessado em participar na IberRadio 2019 montando o seu stand de artigos em segunda m\u00e3o preencha o formul\u00e1rio que encontrar\u00e1 em <a href=\"http:\/\/www.iberradio.es\/pt\/segunda-mano\/\"><strong>www.iberradio.es\/pt\/segunda-mano\/<\/strong><\/a><\/h5>\n\n\n\n\n<h5 align=\"justify\">O pre\u00e7o dos stands de segunda m\u00e3o ser\u00e1 de 10\u20ac por metro linear.<\/h5>\n\n\n\n\n<h5 align=\"justify\">O prazo para a realiza\u00e7\u00e3o de reservas termina no dia 8 de Setembro, quanto mais cedo decidir, mais cedo far\u00e1 parte da feira e poder\u00e1 efetuar diferentes campanhas junto dos seus clientes, associados e amigos.<\/h5>\n\n\n\n\n\n<hr \/>\n\n\n\n\n\n<h2><\/h2>\n\n\n\n\n<h2><strong>Calend\u00e1rio para expositores e segunda m\u00e3o<\/strong><\/h2>\n\n\n\n\n<h5 align=\"justify\"><strong>Dia 14 de setembro<\/strong><\/h5>\n\n\n\n\n<h5 align=\"justify\">Hor\u00e1rio de montagem dos stands e mercado segunda m\u00e3o das 12:00 \u00e0s 20:00.<\/h5>\n\n\n\n\n<h5 align=\"justify\"><strong>Dia 15 de setembro<\/strong><\/h5>\n\n\n\n\n<h5 align=\"justify\">Hor\u00e1rio de abertura da feira das 10:00 \u00e0s 20:00 horas.<\/h5>\n\n\n\n\n<h5 align=\"justify\"><strong>Dia 16 de setembro<\/strong><\/h5>\n\n\n\n\n<h5 align=\"justify\">Hor\u00e1rio de abertura das 10:00 \u00e0s 14:00 horas.<\/h5>\n\n\n\n\n<h5 align=\"justify\">Desmontagem a partir das 14:00 horas at\u00e9 \u00e0s 20:00.<\/h5>\n\n\n\n\n\n<hr \/>\n\n\n\n&nbsp;\n\n\n<h5 align=\"justify\">Informa\u00e7\u00f5es sobre hot\u00e9is em \u00c1vila podem ser consultadas na sec\u00e7\u00e3o de alojamento desta p\u00e1gina web (<a href=\"http:\/\/www.iberradio.es\/pt\/donde-alojarse-y-comer\/\"><b>clica aqui<\/b><\/a>).<\/h5>\n\n\n\n\n\n\n\n<h5 align=\"justify\">Se est\u00e1s interessado em participar na IberRadio 2019 como expositor podes preencher o seguinte formul\u00e1rio.<\/h5>\n\n\n\n\n<h5 align=\"justify\">Todas as informa\u00e7\u00f5es e condi\u00e7\u00f5es em: <strong><a href=\"http:\/\/www.iberradio.es\/pt\/condiciones\/\">www.iberradio.es\/pt\/condiciones\/<\/a><\/strong><\/h5>\n\n\n\n\n\n<hr \/>\n\n\n\n\n\n\n<h5>Para requisitar um stand de segunda m\u00e3o deve usar o formul\u00e1rio que encontrar\u00e1 em:\u00a0<a href=\"http:\/\/www.iberradio.es\/pt\/segunda-mano\/\"><strong>www.iberradio.es\/pt\/segunda-mano\/<\/strong><\/a><\/h5>\n\n\n\n\n\n<hr \/>\n\n\n\n\n\n<h5 align=\"justify\">Poder\u00e1 efetuar o pagamento atrav\u00e9s das seguintes formas:<\/h5>\n\n\n\n\n<h5 align=\"justify\">- Transfer\u00eancia banc\u00e1ria ou dep\u00f3sito na conta:\nURE \u2013 IBAN ES46 0182 0923 1302 0001 5844\nBIC\/SWIFT: BBVAESMMXXX<\/h5>\n\n\n\n\n<h5 align=\"justify\">\u2013 Pagamento por PayPal:<\/h5>\n\n\n\n\n<table border=\"0\" width=\"100%\" cellspacing=\"0\" cellpadding=\"0\">\n\n\n<tbody>\n\n\n<tr>\n\n\n<td>\n\n\n<form action=\"https:\/\/www.paypal.com\/cgi-bin\/webscr\" method=\"post\" target=\"_blank\">\n<input type=\"hidden\" name=\"cmd\" value=\"_s-xclick\"><input type=\"hidden\" name=\"hosted_button_id\" value=\"7LNXZL7BEZZ4A\"><input type=\"hidden\" name=\"on0\" value=\"Pagos IberRadio\"><select name=\"os0\"> \n<option value=\"Marca \/ Importador\">Marca \/ Importador <\/option>\n<option value=\"Distribuidores\">Distribuidores <\/option>\n<option value=\"Desarrolladores\">Desarrolladores <\/option>\n<option value=\"Asociacion \/ Radioclub &gt; 5.000 asociados\">Asociacion \/ Radioclub &gt; 5.000 asociados <\/option>\n<option value=\"Asociacion \/ Radioclub 1.000 y 5.000 asociados\">Asociacion \/ Radioclub 1.000 y 5.000 asociados <\/option>\n<option value=\"Asociacion \/ Radioclub 200 y 1.000 asociados\">Asociacion \/ Radioclub 200 y 1.000 asociados <\/option>\n<option value=\"Asociacion \/ Radioclub &lt; de 200 asociados\">Asociacion \/ Radioclub &lt; de 200 asociados <\/option><\/select><\/td>\n\n\n\n\n<td align=\"center\"><input type=\"image\" src=\"https:\/\/www.paypalobjects.com\/es_ES\/ES\/i\/btn\/btn_paynowCC_LG.gif\" border=\"0\" name=\"submit\" alt=\"PayPal. La forma r\u00e1pida y segura de pagar en Internet.\"><img loading=\"lazy\" decoding=\"async\" alt=\"\" border=\"0\" src=\"https:\/\/www.paypalobjects.com\/es_ES\/i\/scr\/pixel.gif\" width=\"1\" height=\"1\"><\/td>\n\n\n<\/tr>\n\n\n<\/tbody>\n\n\n<\/table>\n\n<\/form>\n\n\n\n\n\n<hr \/>\n\n\n\n[si-contact-form form='1']\n\n&nbsp;\n\n&nbsp;--><\/p>","protected":false},"excerpt":{"rendered":"<p>Para obter mais informa\u00e7\u00f5es, entre em contato conosco em iberradio@iberradio.es<\/p>\n","protected":false},"author":1,"featured_media":0,"parent":0,"menu_order":0,"comment_status":"open","ping_status":"open","template":"","meta":{"footnotes":""},"class_list":["post-1840","page","type-page","status-publish","hentry"],"_links":{"self":[{"href":"https:\/\/www.iberradio.es\/pt\/wp-json\/wp\/v2\/pages\/1840","targetHints":{"allow":["GET"]}}],"collection":[{"href":"https:\/\/www.iberradio.es\/pt\/wp-json\/wp\/v2\/pages"}],"about":[{"href":"https:\/\/www.iberradio.es\/pt\/wp-json\/wp\/v2\/types\/page"}],"author":[{"embeddable":true,"href":"https:\/\/www.iberradio.es\/pt\/wp-json\/wp\/v2\/users\/1"}],"replies":[{"embeddable":true,"href":"https:\/\/www.iberradio.es\/pt\/wp-json\/wp\/v2\/comments?post=1840"}],"version-history":[{"count":82,"href":"https:\/\/www.iberradio.es\/pt\/wp-json\/wp\/v2\/pages\/1840\/revisions"}],"predecessor-version":[{"id":9624,"href":"https:\/\/www.iberradio.es\/pt\/wp-json\/wp\/v2\/pages\/1840\/revisions\/9624"}],"wp:attachment":[{"href":"https:\/\/www.iberradio.es\/pt\/wp-json\/wp\/v2\/media?parent=1840"}],"curies":[{"name":"wp","href":"https:\/\/api.w.org\/{rel}","templated":true}]}}