{"id":3225,"date":"2016-05-29T16:58:30","date_gmt":"2016-05-29T14:58:30","guid":{"rendered":"http:\/\/www.iberradio.es\/?page_id=3225"},"modified":"2016-05-29T16:58:30","modified_gmt":"2016-05-29T14:58:30","slug":"como-llegar-2015","status":"publish","type":"page","link":"https:\/\/www.iberradio.es\/pt\/como-llegar-2015\/","title":{"rendered":"Como llegar &#8211; IberRadio 2015"},"content":{"rendered":"<p><img loading=\"lazy\" decoding=\"async\" class=\" wp-image-1619 size-full aligncenter\" src=\"http:\/\/www.iberradio.es\/wp-content\/uploads\/2015\/04\/logo2.png?2016\" alt=\"logo2\" width=\"525\" height=\"195\" srcset=\"https:\/\/www.iberradio.es\/wp-content\/uploads\/2015\/04\/logo2.png 525w, https:\/\/www.iberradio.es\/wp-content\/uploads\/2015\/04\/logo2-300x111.png 300w\" sizes=\"auto, (max-width: 525px) 100vw, 525px\" \/><\/p>\n<p>&nbsp;<\/p>\n<h1>Por tren<\/h1>\n<h5 style=\"text-align: justify;\">Se puede coger el <strong><a href=\"http:\/\/www.renfe.com\/viajeros\/larga_distancia\/productos\/\" target=\"_blank\">AVE<\/a><\/strong> donde est\u00e9 disponible hasta Madrid Atocha ( Puerta de Atocha ) una vez en Puerta de Atocha, nos dirigimos a cercan\u00edas y cogemos el tren de la l\u00ednea <strong><a href=\"http:\/\/www.renfe.com\/viajeros\/cercanias\/madrid\/lineas\/\" target=\"_blank\">C4<\/a><\/strong> que nos llevar\u00e1 a parla en muy poco tiempo.<\/h5>\n<p>&nbsp;<\/p>\n<h1 style=\"text-align: justify;\">Por Avi\u00f3n<\/h1>\n<h5 style=\"text-align: justify;\">Desde El aeropuerto de Adolfo Su\u00e1rez ( Barajas ) cogemos la l\u00ednea de metro <span style=\"background: fuchsia;\"><b>\u00a0<span style=\"color: #ffffff;\">\u00a08<\/span> \u00a0<\/b><\/span> sentido nuevos ministerios, en esa estaci\u00f3n hacemos trasbordo a la l\u00ednea <span style=\"background: blue;\"><b>\u00a0<span style=\"color: #ffffff;\">10<\/span>\u00a0<\/b><\/span> sentido puerta del Sur, hacemos trasbordo en tribunal para coger la l\u00ednea <span style=\"background: aqua;\"><b>\u00a0 <span style=\"color: #000000;\">1<\/span> \u00a0<\/b><\/span> sentido Valdecarros y nos bajamos en Atocha. Cogemos el tren de cercan\u00edas en la l\u00ednea <strong><a href=\"http:\/\/www.renfe.com\/viajeros\/cercanias\/madrid\/lineas\/\" target=\"_blank\">C4<\/a><\/strong> sentido Parla.<\/h5>\n<p>&nbsp;<\/p>\n<h1 style=\"text-align: justify;\">Coche<\/h1>\n<h5 style=\"text-align: justify;\">Zona Norte<\/h5>\n<h5 style=\"text-align: justify;\"><strong>Desde la A1<\/strong> vamos en direcci\u00f3n M-40 &#8211; A4 \u2013 a 42 una vez en la A-42 sentido Toledo, coger la Salida de Parla Sur (salida 24 )<\/h5>\n<h5 style=\"text-align: justify;\"><strong>Desde la A6<\/strong> vamos en direcci\u00f3n M-40 &#8211; A42 \u2013 a 4 una vez en la A-42 sentido Toledo, coger la Salida de Parla Sur (salida 24 )<\/h5>\n<h5 style=\"text-align: justify;\"><strong>Desde la A5<\/strong> vamos en direcci\u00f3n M-40 &#8211; A42 \u2013 a 4 una vez en la A-42 sentido Toledo, coger la Salida de Parla Sur (salida 24 )<\/h5>\n<h5 style=\"text-align: justify;\"><strong>Desde la A4<\/strong> salida 22 Pinto- San Martin de la Vega. Por la M-506 sentido Pinto- M\u00f3stoles. Cogemos la Salida\u00a0 M-408 Pinto \u2013 Parla, en la rotonda , sentido Parla<\/h5>\n<h5 style=\"text-align: justify;\"><strong>Desde la A-3<\/strong> Coger M-40 sentido A4 \u2013 A42 una vez en la A-42 sentido Toledo, coger la Salida de Parla Sur (salida 24 )<\/h5>\n<h5 style=\"text-align: justify;\"><strong>Desde la A-2<\/strong> Coger M-40 sentido A4 \u2013 A42 una vez en la A-42 sentido Toledo, coger la Salida de Parla Sur (salida 24 )<\/h5>\n","protected":false},"excerpt":{"rendered":"<p>&nbsp; Por tren Se puede coger el AVE donde est\u00e9 disponible hasta Madrid Atocha ( Puerta de Atocha ) una vez en Puerta de Atocha, nos dirigimos a cercan\u00edas y cogemos el tren de la l\u00ednea C4 que nos llevar\u00e1 a parla en muy poco tiempo. &nbsp; Por Avi\u00f3n Desde El aeropuerto de Adolfo Su\u00e1rez [&hellip;]<\/p>\n","protected":false},"author":1,"featured_media":0,"parent":0,"menu_order":0,"comment_status":"closed","ping_status":"closed","template":"","meta":{"footnotes":""},"class_list":["post-3225","page","type-page","status-publish","hentry"],"_links":{"self":[{"href":"https:\/\/www.iberradio.es\/pt\/wp-json\/wp\/v2\/pages\/3225","targetHints":{"allow":["GET"]}}],"collection":[{"href":"https:\/\/www.iberradio.es\/pt\/wp-json\/wp\/v2\/pages"}],"about":[{"href":"https:\/\/www.iberradio.es\/pt\/wp-json\/wp\/v2\/types\/page"}],"author":[{"embeddable":true,"href":"https:\/\/www.iberradio.es\/pt\/wp-json\/wp\/v2\/users\/1"}],"replies":[{"embeddable":true,"href":"https:\/\/www.iberradio.es\/pt\/wp-json\/wp\/v2\/comments?post=3225"}],"version-history":[{"count":2,"href":"https:\/\/www.iberradio.es\/pt\/wp-json\/wp\/v2\/pages\/3225\/revisions"}],"predecessor-version":[{"id":3227,"href":"https:\/\/www.iberradio.es\/pt\/wp-json\/wp\/v2\/pages\/3225\/revisions\/3227"}],"wp:attachment":[{"href":"https:\/\/www.iberradio.es\/pt\/wp-json\/wp\/v2\/media?parent=3225"}],"curies":[{"name":"wp","href":"https:\/\/api.w.org\/{rel}","templated":true}]}}