{"id":4089,"date":"2016-08-11T18:22:29","date_gmt":"2016-08-11T16:22:29","guid":{"rendered":"http:\/\/www.iberradio.es\/?page_id=4089"},"modified":"2019-07-15T16:34:38","modified_gmt":"2019-07-15T14:34:38","slug":"inscripcion-para-examen-fcc","status":"publish","type":"page","link":"https:\/\/www.iberradio.es\/pt\/inscripcion-para-examen-fcc\/","title":{"rendered":"(Espa\u00f1ol) Inscripci\u00f3n para examen FCC"},"content":{"rendered":"<p class=\"qtranxs-available-languages-message qtranxs-available-languages-message-pt\">Desculpe, este conte\u00fado s\u00f3 est\u00e1 dispon\u00edvel em <a href=\"https:\/\/www.iberradio.es\/es\/wp-json\/wp\/v2\/pages\/4089\" class=\"qtranxs-available-language-link qtranxs-available-language-link-es\" title=\"Espa\u00f1ol\">Espa\u00f1ol<\/a>.<\/p>","protected":false},"excerpt":{"rendered":"<p>Desculpe, este conte\u00fado s\u00f3 est\u00e1 dispon\u00edvel em Espa\u00f1ol.<\/p>\n","protected":false},"author":1,"featured_media":0,"parent":0,"menu_order":0,"comment_status":"closed","ping_status":"closed","template":"","meta":{"footnotes":""},"class_list":["post-4089","page","type-page","status-publish","hentry"],"_links":{"self":[{"href":"https:\/\/www.iberradio.es\/pt\/wp-json\/wp\/v2\/pages\/4089","targetHints":{"allow":["GET"]}}],"collection":[{"href":"https:\/\/www.iberradio.es\/pt\/wp-json\/wp\/v2\/pages"}],"about":[{"href":"https:\/\/www.iberradio.es\/pt\/wp-json\/wp\/v2\/types\/page"}],"author":[{"embeddable":true,"href":"https:\/\/www.iberradio.es\/pt\/wp-json\/wp\/v2\/users\/1"}],"replies":[{"embeddable":true,"href":"https:\/\/www.iberradio.es\/pt\/wp-json\/wp\/v2\/comments?post=4089"}],"version-history":[{"count":27,"href":"https:\/\/www.iberradio.es\/pt\/wp-json\/wp\/v2\/pages\/4089\/revisions"}],"predecessor-version":[{"id":9334,"href":"https:\/\/www.iberradio.es\/pt\/wp-json\/wp\/v2\/pages\/4089\/revisions\/9334"}],"wp:attachment":[{"href":"https:\/\/www.iberradio.es\/pt\/wp-json\/wp\/v2\/media?parent=4089"}],"curies":[{"name":"wp","href":"https:\/\/api.w.org\/{rel}","templated":true}]}}