{"id":5640,"date":"2017-08-10T18:58:51","date_gmt":"2017-08-10T16:58:51","guid":{"rendered":"http:\/\/www.iberradio.es\/?page_id=5640"},"modified":"2017-08-15T00:17:49","modified_gmt":"2017-08-14T22:17:49","slug":"almuerzo-dia-16","status":"publish","type":"page","link":"https:\/\/www.iberradio.es\/pt\/almuerzo-dia-16\/","title":{"rendered":"RESERVA Y PAGO DE ALMUERZO"},"content":{"rendered":"<h6 align=\"justify\">A continuaci\u00f3n seleccionar el n\u00famero de comensales que ser\u00e1n a\u00f1adidos a tu carro de la compra. En un mismo pedido podr\u00e1s realizar la reserva para todos tus acompa\u00f1antes. Una vez a\u00f1adidas tus reservas termina la operaci\u00f3n haciendo clic en &#8220;Validar y Pagar&#8221;.<\/h6>\n<h6 align=\"justify\"><font color=\"#C00000\">Importante:<\/font> Una vez realizado el pago desde nuestra web, los tickets para el almuerzo los podr\u00e1s recoger en la feria.<\/h6>\n<hr \/>\n<p>\n<\/p>\n<div class='celda1'><div id=\"default_products_page_container\" class=\"wrap wpsc_container\">\n\n\n\t\t\n\t\n\t\t\t\t\t<div class=\"wpsc_category_details\">\n\t\t\t\t\n\t\t\t\t\t\t\t<\/div><!--close wpsc_category_details-->\n\t\t\t\t\n\n\t\t<div class=\"wpsc_default_product_list\">\n\t\t\t\t\n\t\t\t<div class=\"default_product_display product_view_5639 almuerzo-dia-16 group\">\n\t\t\t\t<h2 class=\"prodtitle entry-title\">\n\t\t\t\t\t\t\t\t\t\t\t\t\t\t\tTICKET ALMUERZO\t\t\t\t\t\t\t\t\t\t\t\t\t<\/h2>\n\t\t\t\t\t\t\t\t\t<div class=\"productcol\" style=\"margin-left:168px;\" >\n\n\n\n\t\t\t\t\t\t\n\n\t\t\t\t\t\t<div class=\"wpsc_description\">\n\t\t\t\t\t\t\t                        <\/div><!--close wpsc_description-->\n\n\t\t\t\t\t\t\n\t\t\t\t\t\t\t\t\t\t\t\t\t\t\t\t\t\t\t\t\t\t\t\t<form class=\"product_form\"  enctype=\"multipart\/form-data\" action=\"https:\/\/www.iberradio.es\/pt\/products-page\/almuerzo-dia-16\/almuerzo-dia-16\/\" method=\"post\" name=\"product_5639\" id=\"product_5639\" >\n\t\t\t\t\t\t\t\t\t\t\t\t                        \t\t\t\t\t\t\n\t\t\t\t\t\t\t<!-- THIS IS THE QUANTITY OPTION MUST BE ENABLED FROM ADMIN SETTINGS -->\n\t\t\t\t\t\t\t                            \t<fieldset><legend>Quantity<\/legend>\n\t\t\t\t\t\t\t\t<div class=\"wpsc_quantity_update\">\n                                \t\t\t\t\t\t\t\t<input type=\"text\" id=\"wpsc_quantity_update_5639\" name=\"wpsc_quantity_update\" size=\"2\" value=\"1\" \/>\n\t\t\t\t\t\t\t\t<input type=\"hidden\" name=\"key\" value=\"-1\"\/>\n\t\t\t\t\t\t\t\t<input type=\"hidden\" name=\"wpsc_update_quantity\" value=\"true\" \/>\n\t\t\t\t\t\t\t\t<input type='hidden' name='wpsc_ajax_action' value='wpsc_update_quantity' \/>\n                                <\/div><!--close wpsc_quantity_update-->\n                                <\/fieldset>\n\t\t\t\t\t\t\t\n\t\t\t\t\t\t\t<div class=\"wpsc_product_price\">\n\t\t\t\t\t\t\t\t\t\t\t\t\t\t\t\t\t\t\t\t\t\t\t\t\t<p class=\"pricedisplay wpsc-product-price 5639\">Price: <span class=\"currentprice pricedisplay 5639\" id=\"product_price_5639\">19.00 \u20ac<\/span><\/p>\n\n\t\t\t\t\t\t\t\t\t<!-- multi currency code -->\n\t\t\t\t\t\t\t\t\t\n\t\t\t\t\t\t\t\t\t\t\t\t\t\t\t\t\t\t\t\t\t\t\t\t<\/div><!--close wpsc_product_price-->\n\n\t\t\t\t\t\t\t<input type=\"hidden\" value=\"add_to_cart\" name=\"wpsc_ajax_action\"\/>\n\t\t\t\t\t\t\t<input type=\"hidden\" value=\"5639\" name=\"product_id\"\/>\n\n\t\t\t\t\t\t\t<!-- END OF QUANTITY OPTION -->\n\t\t\t\t\t\t\t\t\t\t\t\t\t\t\t\t\t\t\t\t\t\t\t\t<div class=\"wpsc_buy_button_container\">\n\t\t\t\t\t\t\t\t\t\t<div class=\"wpsc_loading_animation\">\n\t\t\t\t\t\t\t\t\t\t\t<img decoding=\"async\" title=\"\" alt=\"Loading\" src=\"https:\/\/www.iberradio.es\/wp-content\/plugins\/wp-e-commerce\/wpsc-components\/theme-engine-v1\/templates\/wpsc-images\/indicator.gif\" \/>\n\t\t\t\t\t\t\t\t\t\t\tUpdating cart...\t\t\t\t\t\t\t\t\t\t<\/div><!--close wpsc_loading_animation-->\n\t\t\t\t\t\t\t\t\t\t\t\t\t\t\t\t\t\t\t\t\t<input type=\"submit\" value=\"Add To Cart\" name=\"Buy\" class=\"wpsc_buy_button\" id=\"product_5639_submit_button\"\/>\n\t\t\t\t\t\t\t\t\t\t\t\t\t\t\t\t\t\t\t\t<\/div><!--close wpsc_buy_button_container-->\n\t\t\t\t\t\t\t\t\t\t\t\t\t\t\t\t\t\t\t\t\t\t<div class=\"entry-utility wpsc_product_utility\">\n\t\t\t\t\t\t\t\t\t\t\t\t\t\t\t<\/div>\n\t\t\t\t\t\t\t\t\t\t\t\t\t<\/form><!--close product_form-->\n\n\t\t\t\t\t\t\n\t\t\t\t\t\t\n\n\t\t\t\t\t\t\t\t\t<\/div><!--close productcol-->\n\t\t\t\t\t<\/div><!--close default_product_display-->\n\n\t\t\t\t\t\t<\/div>\n\t\t\t    \n\t\t\t<\/div><!--close default_products_page_container-->\n<\/div>\n<div class='celda12'><?php echo wpsc_shopping_cart(); ?><\/div>\n<div style='margin-bottom:100px;'><\/div>\n<p>&nbsp;<br \/>\n<br \/>&nbsp;<br \/>\n<br \/>&nbsp;\n<\/p>\n<p><!--\n\n\n<table border=\"0\" cellspacing=\"0\" cellpadding=\"0\" width=\"\">\n\n\n<tbody>\n\n\n<tr>\t\n\n\n<td valign=\"top\">\n\n<div class='celda1'>[wpsc_products category_url_name='cena-asistentes-iberradio']<\/div>\n\n\n<\/td>\n\n\n\n\n<td valign=\"top\">\n\n<div class='celda12'><center><?php echo wpsc_shopping_cart(); ?><\/center><\/div>\n\n\n<\/td>\n\n<\/tr>\n\n<\/table>\n\n\n--><br \/>\n\n<\/p>\n<p>&nbsp;<\/p>\n","protected":false},"excerpt":{"rendered":"<p>A continuaci\u00f3n seleccionar el n\u00famero de comensales que ser\u00e1n a\u00f1adidos a tu carro de la compra. En un mismo pedido podr\u00e1s realizar la reserva para todos tus acompa\u00f1antes. Una vez a\u00f1adidas tus reservas termina la operaci\u00f3n haciendo clic en &#8220;Validar y Pagar&#8221;. Importante: Una vez realizado el pago desde nuestra web, los tickets para el [&hellip;]<\/p>\n","protected":false},"author":1,"featured_media":0,"parent":0,"menu_order":0,"comment_status":"closed","ping_status":"closed","template":"","meta":{"footnotes":""},"class_list":["post-5640","page","type-page","status-publish","hentry"],"_links":{"self":[{"href":"https:\/\/www.iberradio.es\/pt\/wp-json\/wp\/v2\/pages\/5640","targetHints":{"allow":["GET"]}}],"collection":[{"href":"https:\/\/www.iberradio.es\/pt\/wp-json\/wp\/v2\/pages"}],"about":[{"href":"https:\/\/www.iberradio.es\/pt\/wp-json\/wp\/v2\/types\/page"}],"author":[{"embeddable":true,"href":"https:\/\/www.iberradio.es\/pt\/wp-json\/wp\/v2\/users\/1"}],"replies":[{"embeddable":true,"href":"https:\/\/www.iberradio.es\/pt\/wp-json\/wp\/v2\/comments?post=5640"}],"version-history":[{"count":15,"href":"https:\/\/www.iberradio.es\/pt\/wp-json\/wp\/v2\/pages\/5640\/revisions"}],"predecessor-version":[{"id":6259,"href":"https:\/\/www.iberradio.es\/pt\/wp-json\/wp\/v2\/pages\/5640\/revisions\/6259"}],"wp:attachment":[{"href":"https:\/\/www.iberradio.es\/pt\/wp-json\/wp\/v2\/media?parent=5640"}],"curies":[{"name":"wp","href":"https:\/\/api.w.org\/{rel}","templated":true}]}}